{"id":12,"date":"2016-05-22T19:08:44","date_gmt":"2016-05-22T19:08:44","guid":{"rendered":"https:\/\/fredericbillharz.com\/?page_id=12"},"modified":"2023-12-10T17:24:17","modified_gmt":"2023-12-10T17:24:17","slug":"home","status":"publish","type":"page","link":"https:\/\/fredericbillharz.com\/en\/","title":{"rendered":"Home"},"content":{"rendered":"<div class=\"wpb-content-wrapper\"><div class=\" vc_row wpb_row vc_row-fluid vc_custom_1475847605537 full_width \"><div class=\"wpb_column vc_column_container vc_col-sm-12\"><div class=\"vc_column-inner\"><div class=\"wpb_wrapper\">\n\t\t\t<!-- START Homepage REVOLUTION SLIDER 6.7.41 --><p class=\"rs-p-wp-fix\"><\/p>\n\t\t\t<rs-module-wrap id=\"rev_slider_7_1_wrapper\" data-source=\"gallery\" style=\"visibility:hidden;background:transparent;padding:0;\">\n\t\t\t\t<rs-module id=\"rev_slider_7_1\" style=\"\" data-version=\"6.7.41\">\n\t\t\t\t\t<rs-slides style=\"overflow: hidden; position: absolute;\">\n\t\t\t\t\t\t<rs-slide style=\"position: absolute;\" data-key=\"rs-11\" data-title=\"Slide\"data-sba=\"f:false;b:false;\" data-anim=\"adpr:false;\" data-in=\"o:0;\" data-out=\"a:false;\">\n\t\t\t\t\t\t\t<img decoding=\"async\" src=\"\/\/fredericbillharz.com\/wp-content\/plugins\/revslider\/sr6\/assets\/assets\/dummy.png\" alt=\"Slide\" title=\"FredCasino-1109\" width=\"2560\" height=\"1707\" class=\"rev-slidebg tp-rs-img rs-lazyload\" data-lazyload=\"\/\/fredericbillharz.com\/wp-content\/plugins\/revslider\/sr6\/assets\/assets\/transparent.png\" data-bg=\"c:#000000;\" data-no-retina>\n<!--\n\t\t\t\t\t\t\t--><rs-group\n\t\t\t\t\t\t\t\tid=\"slider-7-slide-11-layer-9\" \n\t\t\t\t\t\t\t\tdata-type=\"group\"\n\t\t\t\t\t\t\t\tdata-rsp_ch=\"on\"\n\t\t\t\t\t\t\t\tdata-xy=\"x:c;y:m;\"\n\t\t\t\t\t\t\t\tdata-text=\"w:normal;s:20,14,10,6;l:0,18,13,8;\"\n\t\t\t\t\t\t\t\tdata-dim=\"w:100%;h:100%;\"\n\t\t\t\t\t\t\t\tdata-basealign=\"slide\"\n\t\t\t\t\t\t\t\tdata-column=\"a:middle;\"\n\t\t\t\t\t\t\t\tdata-ford=\"frame_0;frame_1;frame_2;frame_999;\"\n\t\t\t\t\t\t\t\tdata-frame_0=\"o:1;\"\n\t\t\t\t\t\t\t\tdata-frame_1=\"sp:4800;\"\n\t\t\t\t\t\t\t\tdata-frame_999=\"o:0;st:w;sA:41000;\"\n\t\t\t\t\t\t\t\tdata-frame_2=\"oX:50%;oY:50%;oZ:0;tp:600;st:4800;sp:36200;\"\n\t\t\t\t\t\t\t\tdata-tloop=\"f:frame_2;t:frame_2;k:false;\"\n\t\t\t\t\t\t\t\tstyle=\"z-index:6;\"\n\t\t\t\t\t\t\t><!--\n\t\t\t\t\t\t\t\t--><rs-layer\n\t\t\t\t\t\t\t\t\tid=\"slider-7-slide-11-layer-10\" \n\t\t\t\t\t\t\t\t\tdata-type=\"image\"\n\t\t\t\t\t\t\t\t\tdata-rsp_ch=\"on\"\n\t\t\t\t\t\t\t\t\tdata-xy=\"x:c;y:m;\"\n\t\t\t\t\t\t\t\t\tdata-pos=\"a\"\n\t\t\t\t\t\t\t\t\tdata-text=\"w:normal;s:20,14,10,6;l:0,18,13,8;\"\n\t\t\t\t\t\t\t\t\tdata-dim=\"w:[&#039;100%&#039;,&#039;100%&#039;,&#039;100%&#039;,&#039;100%&#039;];h:[&#039;100%&#039;,&#039;100%&#039;,&#039;100%&#039;,&#039;100%&#039;];\"\n\t\t\t\t\t\t\t\t\tdata-basealign=\"slide\"\n\t\t\t\t\t\t\t\t\tdata-sba=\"e:true;\"\n\t\t\t\t\t\t\t\t\tdata-frame_1=\"st:35500;sp:5500;sR:35500;\"\n\t\t\t\t\t\t\t\t\tdata-frame_999=\"o:0;st:w;\"\n\t\t\t\t\t\t\t\t\tstyle=\"z-index:13;\"\n\t\t\t\t\t\t\t\t><img decoding=\"async\" src=\"\/\/fredericbillharz.com\/wp-content\/plugins\/revslider\/sr6\/assets\/assets\/dummy.png\" alt=\"\" class=\"tp-rs-img rs-lazyload\" width=\"1600\" height=\"1066\" data-lazyload=\"\/\/fredericbillharz.com\/wp-content\/uploads\/2023\/01\/WhatsApp-Image-2023-01-10-at-10.20.51.jpeg\" data-c=\"cover-proportional\" data-no-retina> \n\t\t\t\t\t\t\t\t<\/rs-layer><!--\n\n\t\t\t\t\t\t\t\t--><rs-layer\n\t\t\t\t\t\t\t\t\tid=\"slider-7-slide-11-layer-5\" \n\t\t\t\t\t\t\t\t\tdata-type=\"image\"\n\t\t\t\t\t\t\t\t\tdata-rsp_ch=\"on\"\n\t\t\t\t\t\t\t\t\tdata-xy=\"x:c;y:m;\"\n\t\t\t\t\t\t\t\t\tdata-pos=\"a\"\n\t\t\t\t\t\t\t\t\tdata-text=\"w:normal;s:20,14,10,6;l:0,18,13,8;\"\n\t\t\t\t\t\t\t\t\tdata-dim=\"w:[&#039;100%&#039;,&#039;100%&#039;,&#039;100%&#039;,&#039;100%&#039;];h:[&#039;100%&#039;,&#039;100%&#039;,&#039;100%&#039;,&#039;100%&#039;];\"\n\t\t\t\t\t\t\t\t\tdata-basealign=\"slide\"\n\t\t\t\t\t\t\t\t\tdata-sba=\"e:true;\"\n\t\t\t\t\t\t\t\t\tdata-frame_1=\"st:30500;sp:5500;sR:30500;\"\n\t\t\t\t\t\t\t\t\tdata-frame_999=\"o:0;st:w;sR:5000;\"\n\t\t\t\t\t\t\t\t\tstyle=\"z-index:12;\"\n\t\t\t\t\t\t\t\t><img decoding=\"async\" src=\"\/\/fredericbillharz.com\/wp-content\/plugins\/revslider\/sr6\/assets\/assets\/dummy.png\" alt=\"\" class=\"tp-rs-img rs-lazyload\" width=\"2560\" height=\"1706\" data-lazyload=\"\/\/fredericbillharz.com\/wp-content\/uploads\/2023\/01\/Frederic-Billharz-Temple-de-Jussy-15.12.22-253LyndsayPhotographyGeneve-retouche-scaled.jpg\" data-c=\"cover-proportional\" data-no-retina> \n\t\t\t\t\t\t\t\t<\/rs-layer><!--\n\n\t\t\t\t\t\t\t\t--><rs-layer\n\t\t\t\t\t\t\t\t\tid=\"slider-7-slide-11-layer-13\" \n\t\t\t\t\t\t\t\t\tdata-type=\"image\"\n\t\t\t\t\t\t\t\t\tdata-rsp_ch=\"on\"\n\t\t\t\t\t\t\t\t\tdata-xy=\"x:c;y:m;\"\n\t\t\t\t\t\t\t\t\tdata-pos=\"a\"\n\t\t\t\t\t\t\t\t\tdata-text=\"w:normal;s:20,14,10,6;l:0,18,13,8;\"\n\t\t\t\t\t\t\t\t\tdata-dim=\"w:[&#039;100%&#039;,&#039;100%&#039;,&#039;100%&#039;,&#039;100%&#039;];h:[&#039;100%&#039;,&#039;100%&#039;,&#039;100%&#039;,&#039;100%&#039;];\"\n\t\t\t\t\t\t\t\t\tdata-basealign=\"slide\"\n\t\t\t\t\t\t\t\t\tdata-sba=\"e:true;\"\n\t\t\t\t\t\t\t\t\tdata-frame_1=\"st:25970;sp:5500;sR:25970;\"\n\t\t\t\t\t\t\t\t\tdata-frame_999=\"o:0;st:w;sR:9530;\"\n\t\t\t\t\t\t\t\t\tstyle=\"z-index:11;\"\n\t\t\t\t\t\t\t\t><img decoding=\"async\" src=\"\/\/fredericbillharz.com\/wp-content\/plugins\/revslider\/sr6\/assets\/assets\/dummy.png\" alt=\"\" class=\"tp-rs-img rs-lazyload\" width=\"2560\" height=\"1707\" data-lazyload=\"\/\/fredericbillharz.com\/wp-content\/uploads\/2023\/01\/FredCasino-919-scaled.jpg\" data-c=\"cover-proportional\" data-no-retina> \n\t\t\t\t\t\t\t\t<\/rs-layer><!--\n\n\t\t\t\t\t\t\t\t--><rs-layer\n\t\t\t\t\t\t\t\t\tid=\"slider-7-slide-11-layer-12\" \n\t\t\t\t\t\t\t\t\tdata-type=\"image\"\n\t\t\t\t\t\t\t\t\tdata-rsp_ch=\"on\"\n\t\t\t\t\t\t\t\t\tdata-xy=\"x:c;y:m,m,m,t;\"\n\t\t\t\t\t\t\t\t\tdata-pos=\"a\"\n\t\t\t\t\t\t\t\t\tdata-text=\"w:normal;s:20,14,10,6;l:0,18,13,8;\"\n\t\t\t\t\t\t\t\t\tdata-dim=\"w:[&#039;100%&#039;,&#039;100%&#039;,&#039;100%&#039;,&#039;100%&#039;];h:[&#039;100%&#039;,&#039;100%&#039;,&#039;100%&#039;,&#039;100%&#039;];\"\n\t\t\t\t\t\t\t\t\tdata-basealign=\"slide\"\n\t\t\t\t\t\t\t\t\tdata-sba=\"e:true;\"\n\t\t\t\t\t\t\t\t\tdata-frame_1=\"st:20500;sp:5500;sR:20500;\"\n\t\t\t\t\t\t\t\t\tdata-frame_999=\"o:0;st:w;sR:15000;\"\n\t\t\t\t\t\t\t\t\tstyle=\"z-index:10;\"\n\t\t\t\t\t\t\t\t><img decoding=\"async\" src=\"\/\/fredericbillharz.com\/wp-content\/plugins\/revslider\/sr6\/assets\/assets\/dummy.png\" alt=\"\" class=\"tp-rs-img rs-lazyload\" width=\"2560\" height=\"1707\" data-lazyload=\"\/\/fredericbillharz.com\/wp-content\/uploads\/2023\/01\/FredCasino-753-1-scaled.jpg\" data-c=\"cover-proportional\" data-no-retina> \n\t\t\t\t\t\t\t\t<\/rs-layer><!--\n\n\t\t\t\t\t\t\t\t--><rs-layer\n\t\t\t\t\t\t\t\t\tid=\"slider-7-slide-11-layer-11\" \n\t\t\t\t\t\t\t\t\tdata-type=\"image\"\n\t\t\t\t\t\t\t\t\tdata-rsp_ch=\"on\"\n\t\t\t\t\t\t\t\t\tdata-xy=\"x:c;y:m;\"\n\t\t\t\t\t\t\t\t\tdata-pos=\"a\"\n\t\t\t\t\t\t\t\t\tdata-text=\"w:normal;s:20,14,10,6;l:0,18,13,8;\"\n\t\t\t\t\t\t\t\t\tdata-dim=\"w:[&#039;100%&#039;,&#039;100%&#039;,&#039;100%&#039;,&#039;100%&#039;];h:[&#039;100%&#039;,&#039;100%&#039;,&#039;100%&#039;,&#039;100%&#039;];\"\n\t\t\t\t\t\t\t\t\tdata-basealign=\"slide\"\n\t\t\t\t\t\t\t\t\tdata-sba=\"e:true;\"\n\t\t\t\t\t\t\t\t\tdata-frame_1=\"st:14990;sp:5500;sR:14990;\"\n\t\t\t\t\t\t\t\t\tdata-frame_999=\"o:0;st:w;sR:20510;\"\n\t\t\t\t\t\t\t\t\tstyle=\"z-index:9;\"\n\t\t\t\t\t\t\t\t><img decoding=\"async\" src=\"\/\/fredericbillharz.com\/wp-content\/plugins\/revslider\/sr6\/assets\/assets\/dummy.png\" alt=\"\" class=\"tp-rs-img rs-lazyload\" width=\"2560\" height=\"1707\" data-lazyload=\"\/\/fredericbillharz.com\/wp-content\/uploads\/2023\/01\/FredCasino-200-scaled.jpg\" data-c=\"cover-proportional\" data-no-retina> \n\t\t\t\t\t\t\t\t<\/rs-layer><!--\n\n\t\t\t\t\t\t\t\t--><rs-layer\n\t\t\t\t\t\t\t\t\tid=\"slider-7-slide-11-layer-8\" \n\t\t\t\t\t\t\t\t\tdata-type=\"image\"\n\t\t\t\t\t\t\t\t\tdata-rsp_ch=\"on\"\n\t\t\t\t\t\t\t\t\tdata-xy=\"x:c;y:m;\"\n\t\t\t\t\t\t\t\t\tdata-pos=\"a\"\n\t\t\t\t\t\t\t\t\tdata-text=\"w:normal;s:20,14,10,6;l:0,18,13,8;\"\n\t\t\t\t\t\t\t\t\tdata-dim=\"w:[&#039;100%&#039;,&#039;100%&#039;,&#039;100%&#039;,&#039;100%&#039;];h:[&#039;100%&#039;,&#039;100%&#039;,&#039;100%&#039;,&#039;100%&#039;];\"\n\t\t\t\t\t\t\t\t\tdata-basealign=\"slide\"\n\t\t\t\t\t\t\t\t\tdata-sba=\"e:true;\"\n\t\t\t\t\t\t\t\t\tdata-frame_1=\"st:10000;sp:5500;sR:10000;\"\n\t\t\t\t\t\t\t\t\tdata-frame_999=\"o:0;st:w;sR:25500;\"\n\t\t\t\t\t\t\t\t\tstyle=\"z-index:8;\"\n\t\t\t\t\t\t\t\t><img decoding=\"async\" src=\"\/\/fredericbillharz.com\/wp-content\/plugins\/revslider\/sr6\/assets\/assets\/dummy.png\" alt=\"\" class=\"tp-rs-img rs-lazyload\" width=\"2560\" height=\"1707\" data-lazyload=\"\/\/fredericbillharz.com\/wp-content\/uploads\/2023\/01\/FredCasino-422-scaled.jpg\" data-c=\"cover-proportional\" data-no-retina> \n\t\t\t\t\t\t\t\t<\/rs-layer><!--\n\n\t\t\t\t\t\t\t\t--><rs-layer\n\t\t\t\t\t\t\t\t\tid=\"slider-7-slide-11-layer-7\" \n\t\t\t\t\t\t\t\t\tdata-type=\"image\"\n\t\t\t\t\t\t\t\t\tdata-rsp_ch=\"on\"\n\t\t\t\t\t\t\t\t\tdata-xy=\"x:c;y:m;\"\n\t\t\t\t\t\t\t\t\tdata-pos=\"a\"\n\t\t\t\t\t\t\t\t\tdata-text=\"w:normal;s:20,14,10,6;l:0,18,13,8;\"\n\t\t\t\t\t\t\t\t\tdata-dim=\"w:[&#039;100%&#039;,&#039;100%&#039;,&#039;100%&#039;,&#039;100%&#039;];h:[&#039;100%&#039;,&#039;100%&#039;,&#039;100%&#039;,&#039;100%&#039;];\"\n\t\t\t\t\t\t\t\t\tdata-basealign=\"slide\"\n\t\t\t\t\t\t\t\t\tdata-sba=\"e:true;\"\n\t\t\t\t\t\t\t\t\tdata-frame_1=\"st:5000;sp:5500;sR:5000;\"\n\t\t\t\t\t\t\t\t\tdata-frame_999=\"o:0;st:w;sR:30500;\"\n\t\t\t\t\t\t\t\t\tstyle=\"z-index:7;\"\n\t\t\t\t\t\t\t\t><img decoding=\"async\" src=\"\/\/fredericbillharz.com\/wp-content\/plugins\/revslider\/sr6\/assets\/assets\/dummy.png\" alt=\"\" class=\"tp-rs-img rs-lazyload\" width=\"2560\" height=\"1707\" data-lazyload=\"\/\/fredericbillharz.com\/wp-content\/uploads\/2023\/01\/FredCasino-1109-scaled.jpg\" data-c=\"cover-proportional\" data-no-retina> \n\t\t\t\t\t\t\t\t<\/rs-layer><!--\n\n\t\t\t\t\t\t\t\t--><rs-layer\n\t\t\t\t\t\t\t\t\tid=\"slider-7-slide-11-layer-6\" \n\t\t\t\t\t\t\t\t\tdata-type=\"image\"\n\t\t\t\t\t\t\t\t\tdata-rsp_ch=\"on\"\n\t\t\t\t\t\t\t\t\tdata-xy=\"x:c;y:m;\"\n\t\t\t\t\t\t\t\t\tdata-pos=\"a\"\n\t\t\t\t\t\t\t\t\tdata-text=\"w:normal;s:20,14,10,6;l:0,18,13,8;\"\n\t\t\t\t\t\t\t\t\tdata-dim=\"w:[&#039;100%&#039;,&#039;100%&#039;,&#039;100%&#039;,&#039;100%&#039;];h:[&#039;100%&#039;,&#039;100%&#039;,&#039;100%&#039;,&#039;100%&#039;];\"\n\t\t\t\t\t\t\t\t\tdata-basealign=\"slide\"\n\t\t\t\t\t\t\t\t\tdata-sba=\"e:true;\"\n\t\t\t\t\t\t\t\t\tdata-frame_1=\"sp:5500;\"\n\t\t\t\t\t\t\t\t\tdata-frame_999=\"o:0;st:w;sR:35500;\"\n\t\t\t\t\t\t\t\t\tstyle=\"z-index:6;\"\n\t\t\t\t\t\t\t\t><img decoding=\"async\" src=\"\/\/fredericbillharz.com\/wp-content\/plugins\/revslider\/sr6\/assets\/assets\/dummy.png\" alt=\"\" class=\"tp-rs-img rs-lazyload\" width=\"1600\" height=\"1066\" data-lazyload=\"\/\/fredericbillharz.com\/wp-content\/uploads\/2023\/01\/WhatsApp-Image-2023-01-10-at-10.20.51.jpeg\" data-c=\"cover-proportional\" data-no-retina> \n\t\t\t\t\t\t\t\t<\/rs-layer><!--\n\t\t\t\t\t\t\t--><\/rs-group><!--\n\n\t\t\t\t\t\t\t--><rs-layer\n\t\t\t\t\t\t\t\tid=\"slider-7-slide-11-layer-1\" \n\t\t\t\t\t\t\t\tclass=\"Phoenix-Title\"\n\t\t\t\t\t\t\t\tdata-type=\"text\"\n\t\t\t\t\t\t\t\tdata-color=\"rgba(255, 255, 255, 1)\"\n\t\t\t\t\t\t\t\tdata-rsp_ch=\"on\"\n\t\t\t\t\t\t\t\tdata-xy=\"x:c;y:m;\"\n\t\t\t\t\t\t\t\tdata-text=\"s:102,74,56,34;l:22,16,12,7;ls:15px,10px,7px,4px;fw:600;a:center;\"\n\t\t\t\t\t\t\t\tdata-sba=\"e:true;\"\n\t\t\t\t\t\t\t\tdata-frame_0=\"o:1;\"\n\t\t\t\t\t\t\t\tdata-frame_0_chars=\"d:10;sX:0.9;sY:0.9;o:0;\"\n\t\t\t\t\t\t\t\tdata-frame_1=\"st:930;sp:1900;sR:930;\"\n\t\t\t\t\t\t\t\tdata-frame_1_chars=\"dir:random;d:10;\"\n\t\t\t\t\t\t\t\tdata-frame_999=\"o:0;e:nothing;st:w;sp:1500;sR:36570;\"\n\t\t\t\t\t\t\t\tstyle=\"z-index:7;font-family:'Josefin Sans';cursor:pointer;\"\n\t\t\t\t\t\t\t>FREDERIC BILLHARZ \n\t\t\t\t\t\t\t<\/rs-layer><!--\n\n\t\t\t\t\t\t\t--><rs-layer\n\t\t\t\t\t\t\t\tid=\"slider-7-slide-11-layer-2\" \n\t\t\t\t\t\t\t\tclass=\"Phoenix-SubTitle\"\n\t\t\t\t\t\t\t\tdata-type=\"text\"\n\t\t\t\t\t\t\t\tdata-color=\"rgba(255, 255, 255, 1)\"\n\t\t\t\t\t\t\t\tdata-rsp_ch=\"on\"\n\t\t\t\t\t\t\t\tdata-xy=\"x:c;y:m;yo:55px,37px,41px,41px;\"\n\t\t\t\t\t\t\t\tdata-text=\"s:24;l:22;ls:3px;fw:600;a:center;\"\n\t\t\t\t\t\t\t\tdata-sba=\"e:true;\"\n\t\t\t\t\t\t\t\tdata-frame_0=\"y:-50px;blu:20px;\"\n\t\t\t\t\t\t\t\tdata-frame_1=\"e:power2.inOut;st:1180.0003051758;sp:1500;sR:1180.0003051758;\"\n\t\t\t\t\t\t\t\tdata-frame_999=\"o:0;e:nothing;st:w;sR:38320;\"\n\t\t\t\t\t\t\t\tstyle=\"z-index:8;font-family:'Josefin Sans';cursor:pointer;\"\n\t\t\t\t\t\t\t>T\u00e9nor \n\t\t\t\t\t\t\t<\/rs-layer><!--\n\n\t\t\t\t\t\t\t--><rs-layer\n\t\t\t\t\t\t\t\tid=\"slider-7-slide-11-layer-3\" \n\t\t\t\t\t\t\t\tdata-type=\"image\"\n\t\t\t\t\t\t\t\tdata-rsp_ch=\"on\"\n\t\t\t\t\t\t\t\tdata-xy=\"x:c;y:m;yo:86px,74px,75px,75px;\"\n\t\t\t\t\t\t\t\tdata-text=\"l:22;fw:600,400,400,400;a:center;\"\n\t\t\t\t\t\t\t\tdata-dim=\"w:[&#039;94px&#039;,&#039;94px&#039;,&#039;94px&#039;,&#039;94px&#039;];h:[&#039;16px&#039;,&#039;16px&#039;,&#039;16px&#039;,&#039;16px&#039;];\"\n\t\t\t\t\t\t\t\tdata-sba=\"e:true;\"\n\t\t\t\t\t\t\t\tdata-frame_0=\"y:50px;blu:20px;\"\n\t\t\t\t\t\t\t\tdata-frame_1=\"e:power2.inOut;st:1540.0003051758;sp:1500;sR:1540.0003051758;\"\n\t\t\t\t\t\t\t\tdata-frame_999=\"o:0;e:nothing;st:w;sR:37960;\"\n\t\t\t\t\t\t\t\tstyle=\"z-index:9;\"\n\t\t\t\t\t\t\t><img decoding=\"async\" src=\"\/\/fredericbillharz.com\/wp-content\/plugins\/revslider\/sr6\/assets\/assets\/dummy.png\" alt=\"\" class=\"tp-rs-img rs-lazyload\" width=\"94\" height=\"16\" data-lazyload=\"\/\/fredericbillharz.com\/wp-content\/uploads\/2016\/05\/divider_white.png\" data-no-retina> \n\t\t\t\t\t\t\t<\/rs-layer><!--\n\n\t\t\t\t\t\t\t--><rs-layer\n\t\t\t\t\t\t\t\tid=\"slider-7-slide-11-layer-4\" \n\t\t\t\t\t\t\t\tclass=\"button rev-btn rev-withicon\"\n\t\t\t\t\t\t\t\tdata-type=\"button\"\n\t\t\t\t\t\t\t\tdata-color=\"#000000\"\n\t\t\t\t\t\t\t\tdata-xy=\"x:c;y:m;yo:133px,119px,147px,147px;\"\n\t\t\t\t\t\t\t\tdata-text=\"s:14;l:14;ls:3px;fw:600;a:center;\"\n\t\t\t\t\t\t\t\tdata-rsp_bd=\"off\"\n\t\t\t\t\t\t\t\tdata-sba=\"e:true;\"\n\t\t\t\t\t\t\t\tdata-padding=\"t:10;r:24;b:10;l:30;\"\n\t\t\t\t\t\t\t\tdata-border=\"bos:solid;boc:#fcfcfc;bow:2px,2px,2px,2px;bor:30px,30px,30px,30px;\"\n\t\t\t\t\t\t\t\tdata-frame_0=\"y:50px;blu:20px;\"\n\t\t\t\t\t\t\t\tdata-frame_1=\"e:power2.inOut;st:1840.0003051758;sp:1500;sR:1840.0003051758;\"\n\t\t\t\t\t\t\t\tdata-frame_999=\"o:0;e:nothing;st:w;sR:37660;\"\n\t\t\t\t\t\t\t\tdata-frame_hover=\"c:#000;bgc:#fff;boc:#fff;bor:30px,30px,30px,30px;bos:solid;bow:2px,2px,2px,2px;oX:50;oY:50;sp:0;e:power1.inOut;\"\n\t\t\t\t\t\t\t\tstyle=\"z-index:10;background-color:#ffffff;font-family:'Josefin Sans';cursor:pointer;outline:none;box-shadow:none;box-sizing:border-box;-moz-box-sizing:border-box;-webkit-box-sizing:border-box;\"\n\t\t\t\t\t\t\t>D\u00e9couvrir<i class=\"fa-angle-right\"><\/i> \n\t\t\t\t\t\t\t<\/rs-layer><!--\n-->\t\t\t\t\t<\/rs-slide>\n\t\t\t\t\t<\/rs-slides>\n\t\t\t\t\t<rs-static-layers><!--\n\t\t\t\t\t--><\/rs-static-layers>\n\t\t\t\t<\/rs-module>\n\t\t\t\t<script>\n\t\t\t\t\tsetREVStartSize({c: 'rev_slider_7_1',rl:[1240,1024,778,480],el:[868,768,960,720],gw:[1400,1024,778,480],gh:[868,768,960,720],type:'hero',justify:'',layout:'fullscreen',offsetContainer:'',offset:'',mh:\"0\"});if (window.RS_MODULES!==undefined && window.RS_MODULES.modules!==undefined && window.RS_MODULES.modules[\"revslider71\"]!==undefined) {window.RS_MODULES.modules[\"revslider71\"].once = false;window.revapi7 = undefined;if (window.RS_MODULES.checkMinimal!==undefined) window.RS_MODULES.checkMinimal()}\n\t\t\t\t<\/script>\n\t\t\t<\/rs-module-wrap>\n\t\t\t<!-- END REVOLUTION SLIDER -->\n<\/div><\/div><\/div><\/div><div  class=\" vc_row wpb_row vc_row-fluid in_container \"><div class=\"wpb_column vc_column_container vc_col-sm-12\"><div class=\"vc_column-inner\"><div class=\"wpb_wrapper\"><\/div><\/div><\/div><\/div>\n<\/div>","protected":false},"excerpt":{"rendered":"FREDERIC BILLHARZ T\u00e9nor D\u00e9couvrir","protected":false},"author":1,"featured_media":0,"parent":0,"menu_order":0,"comment_status":"closed","ping_status":"closed","template":"","meta":{"_acf_changed":false,"footnotes":""},"class_list":["post-12","page","type-page","status-publish","hentry"],"acf":[],"yoast_head":"<!-- This site is optimized with the Yoast SEO plugin v27.4 - https:\/\/yoast.com\/product\/yoast-seo-wordpress\/ -->\n<title>Fr\u00e9d\u00e9ric BILLHARZ - T\u00e9nor<\/title>\n<meta name=\"robots\" content=\"index, follow, max-snippet:-1, max-image-preview:large, max-video-preview:-1\" \/>\n<link rel=\"canonical\" href=\"https:\/\/fredericbillharz.com\/en\/\" \/>\n<meta property=\"og:locale\" content=\"en_GB\" \/>\n<meta property=\"og:type\" content=\"article\" \/>\n<meta property=\"og:title\" content=\"Fr\u00e9d\u00e9ric BILLHARZ - T\u00e9nor\" \/>\n<meta property=\"og:url\" content=\"https:\/\/fredericbillharz.com\/en\/\" \/>\n<meta property=\"og:site_name\" content=\"Fr\u00e9d\u00e9ric BILLHARZ\" \/>\n<meta property=\"article:publisher\" content=\"https:\/\/www.facebook.com\/frederic.billharz\" \/>\n<meta property=\"article:modified_time\" content=\"2023-12-10T17:24:17+00:00\" \/>\n<meta property=\"og:image\" content=\"https:\/\/fredericbillharz.com\/wp-content\/uploads\/2023\/12\/frederic_billharz_social.jpeg\" \/>\n\t<meta property=\"og:image:width\" content=\"1200\" \/>\n\t<meta property=\"og:image:height\" content=\"630\" \/>\n\t<meta property=\"og:image:type\" content=\"image\/jpeg\" \/>\n<meta name=\"twitter:card\" content=\"summary_large_image\" \/>\n<meta name=\"twitter:title\" content=\"Fr\u00e9d\u00e9ric BILLHARZ - T\u00e9nor\" \/>\n<meta name=\"twitter:image\" content=\"https:\/\/fredericbillharz.com\/wp-content\/uploads\/2023\/12\/frederic_billharz_social.jpeg\" \/>\n<meta name=\"twitter:site\" content=\"@billharz\" \/>\n<meta name=\"twitter:label1\" content=\"Estimated reading time\" \/>\n\t<meta name=\"twitter:data1\" content=\"1 minute\" \/>\n<script type=\"application\/ld+json\" class=\"yoast-schema-graph\">{\"@context\":\"https:\\\/\\\/schema.org\",\"@graph\":[{\"@type\":\"WebPage\",\"@id\":\"https:\\\/\\\/fredericbillharz.com\\\/\",\"url\":\"https:\\\/\\\/fredericbillharz.com\\\/\",\"name\":\"Fr\u00e9d\u00e9ric BILLHARZ - T\u00e9nor\",\"isPartOf\":{\"@id\":\"https:\\\/\\\/fredericbillharz.com\\\/#website\"},\"datePublished\":\"2016-05-22T19:08:44+00:00\",\"dateModified\":\"2023-12-10T17:24:17+00:00\",\"breadcrumb\":{\"@id\":\"https:\\\/\\\/fredericbillharz.com\\\/#breadcrumb\"},\"inLanguage\":\"en-GB\",\"potentialAction\":[{\"@type\":\"ReadAction\",\"target\":[\"https:\\\/\\\/fredericbillharz.com\\\/\"]}]},{\"@type\":\"BreadcrumbList\",\"@id\":\"https:\\\/\\\/fredericbillharz.com\\\/#breadcrumb\",\"itemListElement\":[{\"@type\":\"ListItem\",\"position\":1,\"name\":\"Home\",\"item\":\"https:\\\/\\\/fredericbillharz.com\\\/\"},{\"@type\":\"ListItem\",\"position\":2,\"name\":\"Home\"}]},{\"@type\":\"WebSite\",\"@id\":\"https:\\\/\\\/fredericbillharz.com\\\/#website\",\"url\":\"https:\\\/\\\/fredericbillharz.com\\\/\",\"name\":\"Fr\u00e9d\u00e9ric BILLHARZ\",\"description\":\"T\u00e9nor\",\"publisher\":{\"@id\":\"https:\\\/\\\/fredericbillharz.com\\\/#\\\/schema\\\/person\\\/ba4cfbc2c23644affe23e72958225783\"},\"potentialAction\":[{\"@type\":\"SearchAction\",\"target\":{\"@type\":\"EntryPoint\",\"urlTemplate\":\"https:\\\/\\\/fredericbillharz.com\\\/?s={search_term_string}\"},\"query-input\":{\"@type\":\"PropertyValueSpecification\",\"valueRequired\":true,\"valueName\":\"search_term_string\"}}],\"inLanguage\":\"en-GB\"},{\"@type\":[\"Person\",\"Organization\"],\"@id\":\"https:\\\/\\\/fredericbillharz.com\\\/#\\\/schema\\\/person\\\/ba4cfbc2c23644affe23e72958225783\",\"name\":\"admin\",\"image\":{\"@type\":\"ImageObject\",\"inLanguage\":\"en-GB\",\"@id\":\"https:\\\/\\\/fredericbillharz.com\\\/wp-content\\\/uploads\\\/2023\\\/09\\\/WhatsApp-Image-2023-09-22-at-14.53.40.jpeg\",\"url\":\"https:\\\/\\\/fredericbillharz.com\\\/wp-content\\\/uploads\\\/2023\\\/09\\\/WhatsApp-Image-2023-09-22-at-14.53.40.jpeg\",\"contentUrl\":\"https:\\\/\\\/fredericbillharz.com\\\/wp-content\\\/uploads\\\/2023\\\/09\\\/WhatsApp-Image-2023-09-22-at-14.53.40.jpeg\",\"width\":2048,\"height\":1366,\"caption\":\"admin\"},\"logo\":{\"@id\":\"https:\\\/\\\/fredericbillharz.com\\\/wp-content\\\/uploads\\\/2023\\\/09\\\/WhatsApp-Image-2023-09-22-at-14.53.40.jpeg\"},\"description\":\"Fr\u00e9d\u00e9ric Billharz is a singer, Tenor from Geneva, Switzerland.\",\"sameAs\":[\"https:\\\/\\\/www.fredericbillharz.com\",\"https:\\\/\\\/www.facebook.com\\\/frederic.billharz\",\"https:\\\/\\\/www.instagram.com\\\/billharzfrederic\",\"https:\\\/\\\/x.com\\\/billharz\",\"https:\\\/\\\/youtube.com\\\/@FredericBILLHARZ\",\"https:\\\/\\\/soundcloud.com\\\/billharzfrederic\"]}]}<\/script>\n<!-- \/ Yoast SEO plugin. -->","yoast_head_json":{"title":"Fr\u00e9d\u00e9ric BILLHARZ - T\u00e9nor","robots":{"index":"index","follow":"follow","max-snippet":"max-snippet:-1","max-image-preview":"max-image-preview:large","max-video-preview":"max-video-preview:-1"},"canonical":"https:\/\/fredericbillharz.com\/en\/","og_locale":"en_GB","og_type":"article","og_title":"Fr\u00e9d\u00e9ric BILLHARZ - T\u00e9nor","og_url":"https:\/\/fredericbillharz.com\/en\/","og_site_name":"Fr\u00e9d\u00e9ric BILLHARZ","article_publisher":"https:\/\/www.facebook.com\/frederic.billharz","article_modified_time":"2023-12-10T17:24:17+00:00","og_image":[{"width":1200,"height":630,"url":"https:\/\/fredericbillharz.com\/wp-content\/uploads\/2023\/12\/frederic_billharz_social.jpeg","type":"image\/jpeg"}],"twitter_card":"summary_large_image","twitter_title":"Fr\u00e9d\u00e9ric BILLHARZ - T\u00e9nor","twitter_image":"https:\/\/fredericbillharz.com\/wp-content\/uploads\/2023\/12\/frederic_billharz_social.jpeg","twitter_site":"@billharz","twitter_misc":{"Estimated reading time":"1 minute"},"schema":{"@context":"https:\/\/schema.org","@graph":[{"@type":"WebPage","@id":"https:\/\/fredericbillharz.com\/","url":"https:\/\/fredericbillharz.com\/","name":"Fr\u00e9d\u00e9ric BILLHARZ - T\u00e9nor","isPartOf":{"@id":"https:\/\/fredericbillharz.com\/#website"},"datePublished":"2016-05-22T19:08:44+00:00","dateModified":"2023-12-10T17:24:17+00:00","breadcrumb":{"@id":"https:\/\/fredericbillharz.com\/#breadcrumb"},"inLanguage":"en-GB","potentialAction":[{"@type":"ReadAction","target":["https:\/\/fredericbillharz.com\/"]}]},{"@type":"BreadcrumbList","@id":"https:\/\/fredericbillharz.com\/#breadcrumb","itemListElement":[{"@type":"ListItem","position":1,"name":"Home","item":"https:\/\/fredericbillharz.com\/"},{"@type":"ListItem","position":2,"name":"Home"}]},{"@type":"WebSite","@id":"https:\/\/fredericbillharz.com\/#website","url":"https:\/\/fredericbillharz.com\/","name":"Fr\u00e9d\u00e9ric BILLHARZ","description":"Tenor","publisher":{"@id":"https:\/\/fredericbillharz.com\/#\/schema\/person\/ba4cfbc2c23644affe23e72958225783"},"potentialAction":[{"@type":"SearchAction","target":{"@type":"EntryPoint","urlTemplate":"https:\/\/fredericbillharz.com\/?s={search_term_string}"},"query-input":{"@type":"PropertyValueSpecification","valueRequired":true,"valueName":"search_term_string"}}],"inLanguage":"en-GB"},{"@type":["Person","Organization"],"@id":"https:\/\/fredericbillharz.com\/#\/schema\/person\/ba4cfbc2c23644affe23e72958225783","name":"admin","image":{"@type":"ImageObject","inLanguage":"en-GB","@id":"https:\/\/fredericbillharz.com\/wp-content\/uploads\/2023\/09\/WhatsApp-Image-2023-09-22-at-14.53.40.jpeg","url":"https:\/\/fredericbillharz.com\/wp-content\/uploads\/2023\/09\/WhatsApp-Image-2023-09-22-at-14.53.40.jpeg","contentUrl":"https:\/\/fredericbillharz.com\/wp-content\/uploads\/2023\/09\/WhatsApp-Image-2023-09-22-at-14.53.40.jpeg","width":2048,"height":1366,"caption":"admin"},"logo":{"@id":"https:\/\/fredericbillharz.com\/wp-content\/uploads\/2023\/09\/WhatsApp-Image-2023-09-22-at-14.53.40.jpeg"},"description":"Fr\u00e9d\u00e9ric Billharz is a singer, Tenor from Geneva, Switzerland.","sameAs":["https:\/\/www.fredericbillharz.com","https:\/\/www.facebook.com\/frederic.billharz","https:\/\/www.instagram.com\/billharzfrederic","https:\/\/x.com\/billharz","https:\/\/youtube.com\/@FredericBILLHARZ","https:\/\/soundcloud.com\/billharzfrederic"]}]}},"_links":{"self":[{"href":"https:\/\/fredericbillharz.com\/en\/wp-json\/wp\/v2\/pages\/12","targetHints":{"allow":["GET"]}}],"collection":[{"href":"https:\/\/fredericbillharz.com\/en\/wp-json\/wp\/v2\/pages"}],"about":[{"href":"https:\/\/fredericbillharz.com\/en\/wp-json\/wp\/v2\/types\/page"}],"author":[{"embeddable":true,"href":"https:\/\/fredericbillharz.com\/en\/wp-json\/wp\/v2\/users\/1"}],"replies":[{"embeddable":true,"href":"https:\/\/fredericbillharz.com\/en\/wp-json\/wp\/v2\/comments?post=12"}],"version-history":[{"count":103,"href":"https:\/\/fredericbillharz.com\/en\/wp-json\/wp\/v2\/pages\/12\/revisions"}],"predecessor-version":[{"id":793,"href":"https:\/\/fredericbillharz.com\/en\/wp-json\/wp\/v2\/pages\/12\/revisions\/793"}],"wp:attachment":[{"href":"https:\/\/fredericbillharz.com\/en\/wp-json\/wp\/v2\/media?parent=12"}],"curies":[{"name":"wp","href":"https:\/\/api.w.org\/{rel}","templated":true}]}}