{"id":15549,"date":"2022-09-10T08:19:12","date_gmt":"2022-09-10T08:19:12","guid":{"rendered":"https:\/\/fredericbillharz.com\/?page_id=15549"},"modified":"2022-09-24T09:33:09","modified_gmt":"2022-09-24T09:33:09","slug":"newsletter","status":"publish","type":"page","link":"https:\/\/fredericbillharz.com\/en\/newsletter\/","title":{"rendered":"Newsletter"},"content":{"rendered":"<p>If you want to be informed of my next activities, then please do not hesitate but above all not \ud83d\ude09 to fill out the form below.<\/p>\n\n\n\n<p><\/p>\n\n\n<script>(function() {\n\twindow.mc4wp = window.mc4wp || {\n\t\tlisteners: [],\n\t\tforms: {\n\t\t\ton: function(evt, cb) {\n\t\t\t\twindow.mc4wp.listeners.push(\n\t\t\t\t\t{\n\t\t\t\t\t\tevent   : evt,\n\t\t\t\t\t\tcallback: cb\n\t\t\t\t\t}\n\t\t\t\t);\n\t\t\t}\n\t\t}\n\t}\n})();\n<\/script><!-- Mailchimp for WordPress v4.12.1 - https:\/\/wordpress.org\/plugins\/mailchimp-for-wp\/ --><form id=\"mc4wp-form-1\" class=\"mc4wp-form mc4wp-form-15548\" method=\"post\" data-id=\"15548\" data-name=\"Newsletter\" action=\"\" ><div class=\"mc4wp-form-fields\"><p>\r\n    <label>Pr\u00e9nom :<\/label>\r\n    <input type=\"text\" name=\"FNAME\">\r\n<\/p>\r\n<p>\r\n    <label>Nom :<\/label>\r\n    <input type=\"text\" name=\"LNAME\">\r\n<\/p>\r\n\r\n<p>\r\n\t<label>E-mail : \r\n\t\t<input type=\"email\" name=\"EMAIL\" placeholder=\"\" required \/>\r\n<\/label>\r\n<\/p>\r\n\r\n<p>\r\n\t<input type=\"submit\" value=\"Subsribe\" \/>\r\n<\/p><\/div><label style=\"display: none !important;\">Leave this field empty if you&rsquo;re human: <input type=\"text\" name=\"_mc4wp_honeypot\" value=\"\" tabindex=\"-1\" autocomplete=\"off\" \/><\/label><input type=\"hidden\" name=\"_mc4wp_timestamp\" value=\"1776228249\" \/><input type=\"hidden\" name=\"_mc4wp_form_id\" value=\"15548\" \/><input type=\"hidden\" name=\"_mc4wp_form_element_id\" value=\"mc4wp-form-1\" \/><div class=\"mc4wp-response\"><\/div><input type=\"hidden\" name=\"trp-form-language\" value=\"en\"\/><\/form><!-- \/ Mailchimp for WordPress Plugin -->","protected":false},"excerpt":{"rendered":"<p>If you want to be informed of my next activities, then please do not hesitate but above all not \ud83d\ude09 to fill out the form below.<\/p>","protected":false},"author":2,"featured_media":0,"parent":0,"menu_order":0,"comment_status":"closed","ping_status":"closed","template":"","meta":{"_acf_changed":false,"footnotes":""},"class_list":["post-15549","page","type-page","status-publish","hentry"],"acf":[],"yoast_head":"<!-- This site is optimized with the Yoast SEO plugin v27.4 - https:\/\/yoast.com\/product\/yoast-seo-wordpress\/ -->\n<title>Newsletter - Fr\u00e9d\u00e9ric BILLHARZ<\/title>\n<meta name=\"robots\" content=\"index, follow, max-snippet:-1, max-image-preview:large, max-video-preview:-1\" \/>\n<link rel=\"canonical\" href=\"https:\/\/fredericbillharz.com\/en\/newsletter\/\" \/>\n<meta property=\"og:locale\" content=\"en_GB\" \/>\n<meta property=\"og:type\" content=\"article\" \/>\n<meta property=\"og:title\" content=\"Newsletter - Fr\u00e9d\u00e9ric BILLHARZ\" \/>\n<meta property=\"og:description\" content=\"Si vous souhaitez \u00eatre tenu au courant de mes prochaines activit\u00e9s, alors n&rsquo;h\u00e9sitez pas mais surtout pas \ud83d\ude09 de remplir le formulaire ci-dessous.\" \/>\n<meta property=\"og:url\" content=\"https:\/\/fredericbillharz.com\/en\/newsletter\/\" \/>\n<meta property=\"og:site_name\" content=\"Fr\u00e9d\u00e9ric BILLHARZ\" \/>\n<meta property=\"article:publisher\" content=\"https:\/\/www.facebook.com\/frederic.billharz\" \/>\n<meta property=\"article:modified_time\" content=\"2022-09-24T09:33:09+00:00\" \/>\n<meta name=\"twitter:card\" content=\"summary_large_image\" \/>\n<meta name=\"twitter:site\" content=\"@billharz\" \/>\n<script type=\"application\/ld+json\" class=\"yoast-schema-graph\">{\"@context\":\"https:\\\/\\\/schema.org\",\"@graph\":[{\"@type\":\"WebPage\",\"@id\":\"https:\\\/\\\/fredericbillharz.com\\\/newsletter\\\/\",\"url\":\"https:\\\/\\\/fredericbillharz.com\\\/newsletter\\\/\",\"name\":\"Newsletter - Fr\u00e9d\u00e9ric BILLHARZ\",\"isPartOf\":{\"@id\":\"https:\\\/\\\/fredericbillharz.com\\\/#website\"},\"datePublished\":\"2022-09-10T08:19:12+00:00\",\"dateModified\":\"2022-09-24T09:33:09+00:00\",\"breadcrumb\":{\"@id\":\"https:\\\/\\\/fredericbillharz.com\\\/newsletter\\\/#breadcrumb\"},\"inLanguage\":\"en-GB\",\"potentialAction\":[{\"@type\":\"ReadAction\",\"target\":[\"https:\\\/\\\/fredericbillharz.com\\\/newsletter\\\/\"]}]},{\"@type\":\"BreadcrumbList\",\"@id\":\"https:\\\/\\\/fredericbillharz.com\\\/newsletter\\\/#breadcrumb\",\"itemListElement\":[{\"@type\":\"ListItem\",\"position\":1,\"name\":\"Home\",\"item\":\"https:\\\/\\\/fredericbillharz.com\\\/\"},{\"@type\":\"ListItem\",\"position\":2,\"name\":\"Newsletter\"}]},{\"@type\":\"WebSite\",\"@id\":\"https:\\\/\\\/fredericbillharz.com\\\/#website\",\"url\":\"https:\\\/\\\/fredericbillharz.com\\\/\",\"name\":\"Fr\u00e9d\u00e9ric BILLHARZ\",\"description\":\"T\u00e9nor\",\"publisher\":{\"@id\":\"https:\\\/\\\/fredericbillharz.com\\\/#\\\/schema\\\/person\\\/ba4cfbc2c23644affe23e72958225783\"},\"potentialAction\":[{\"@type\":\"SearchAction\",\"target\":{\"@type\":\"EntryPoint\",\"urlTemplate\":\"https:\\\/\\\/fredericbillharz.com\\\/?s={search_term_string}\"},\"query-input\":{\"@type\":\"PropertyValueSpecification\",\"valueRequired\":true,\"valueName\":\"search_term_string\"}}],\"inLanguage\":\"en-GB\"},{\"@type\":[\"Person\",\"Organization\"],\"@id\":\"https:\\\/\\\/fredericbillharz.com\\\/#\\\/schema\\\/person\\\/ba4cfbc2c23644affe23e72958225783\",\"name\":\"admin\",\"image\":{\"@type\":\"ImageObject\",\"inLanguage\":\"en-GB\",\"@id\":\"https:\\\/\\\/fredericbillharz.com\\\/wp-content\\\/uploads\\\/2023\\\/09\\\/WhatsApp-Image-2023-09-22-at-14.53.40.jpeg\",\"url\":\"https:\\\/\\\/fredericbillharz.com\\\/wp-content\\\/uploads\\\/2023\\\/09\\\/WhatsApp-Image-2023-09-22-at-14.53.40.jpeg\",\"contentUrl\":\"https:\\\/\\\/fredericbillharz.com\\\/wp-content\\\/uploads\\\/2023\\\/09\\\/WhatsApp-Image-2023-09-22-at-14.53.40.jpeg\",\"width\":2048,\"height\":1366,\"caption\":\"admin\"},\"logo\":{\"@id\":\"https:\\\/\\\/fredericbillharz.com\\\/wp-content\\\/uploads\\\/2023\\\/09\\\/WhatsApp-Image-2023-09-22-at-14.53.40.jpeg\"},\"description\":\"Fr\u00e9d\u00e9ric Billharz is a singer, Tenor from Geneva, Switzerland.\",\"sameAs\":[\"https:\\\/\\\/www.fredericbillharz.com\",\"https:\\\/\\\/www.facebook.com\\\/frederic.billharz\",\"https:\\\/\\\/www.instagram.com\\\/billharzfrederic\",\"https:\\\/\\\/x.com\\\/billharz\",\"https:\\\/\\\/youtube.com\\\/@FredericBILLHARZ\",\"https:\\\/\\\/soundcloud.com\\\/billharzfrederic\"]}]}<\/script>\n<!-- \/ Yoast SEO plugin. -->","yoast_head_json":{"title":"Newsletter - Fr\u00e9d\u00e9ric BILLHARZ","robots":{"index":"index","follow":"follow","max-snippet":"max-snippet:-1","max-image-preview":"max-image-preview:large","max-video-preview":"max-video-preview:-1"},"canonical":"https:\/\/fredericbillharz.com\/en\/newsletter\/","og_locale":"en_GB","og_type":"article","og_title":"Newsletter - Fr\u00e9d\u00e9ric BILLHARZ","og_description":"Si vous souhaitez \u00eatre tenu au courant de mes prochaines activit\u00e9s, alors n&rsquo;h\u00e9sitez pas mais surtout pas \ud83d\ude09 de remplir le formulaire ci-dessous.","og_url":"https:\/\/fredericbillharz.com\/en\/newsletter\/","og_site_name":"Fr\u00e9d\u00e9ric BILLHARZ","article_publisher":"https:\/\/www.facebook.com\/frederic.billharz","article_modified_time":"2022-09-24T09:33:09+00:00","twitter_card":"summary_large_image","twitter_site":"@billharz","schema":{"@context":"https:\/\/schema.org","@graph":[{"@type":"WebPage","@id":"https:\/\/fredericbillharz.com\/newsletter\/","url":"https:\/\/fredericbillharz.com\/newsletter\/","name":"Newsletter - Fr\u00e9d\u00e9ric BILLHARZ","isPartOf":{"@id":"https:\/\/fredericbillharz.com\/#website"},"datePublished":"2022-09-10T08:19:12+00:00","dateModified":"2022-09-24T09:33:09+00:00","breadcrumb":{"@id":"https:\/\/fredericbillharz.com\/newsletter\/#breadcrumb"},"inLanguage":"en-GB","potentialAction":[{"@type":"ReadAction","target":["https:\/\/fredericbillharz.com\/newsletter\/"]}]},{"@type":"BreadcrumbList","@id":"https:\/\/fredericbillharz.com\/newsletter\/#breadcrumb","itemListElement":[{"@type":"ListItem","position":1,"name":"Home","item":"https:\/\/fredericbillharz.com\/"},{"@type":"ListItem","position":2,"name":"Newsletter"}]},{"@type":"WebSite","@id":"https:\/\/fredericbillharz.com\/#website","url":"https:\/\/fredericbillharz.com\/","name":"Fr\u00e9d\u00e9ric BILLHARZ","description":"Tenor","publisher":{"@id":"https:\/\/fredericbillharz.com\/#\/schema\/person\/ba4cfbc2c23644affe23e72958225783"},"potentialAction":[{"@type":"SearchAction","target":{"@type":"EntryPoint","urlTemplate":"https:\/\/fredericbillharz.com\/?s={search_term_string}"},"query-input":{"@type":"PropertyValueSpecification","valueRequired":true,"valueName":"search_term_string"}}],"inLanguage":"en-GB"},{"@type":["Person","Organization"],"@id":"https:\/\/fredericbillharz.com\/#\/schema\/person\/ba4cfbc2c23644affe23e72958225783","name":"admin","image":{"@type":"ImageObject","inLanguage":"en-GB","@id":"https:\/\/fredericbillharz.com\/wp-content\/uploads\/2023\/09\/WhatsApp-Image-2023-09-22-at-14.53.40.jpeg","url":"https:\/\/fredericbillharz.com\/wp-content\/uploads\/2023\/09\/WhatsApp-Image-2023-09-22-at-14.53.40.jpeg","contentUrl":"https:\/\/fredericbillharz.com\/wp-content\/uploads\/2023\/09\/WhatsApp-Image-2023-09-22-at-14.53.40.jpeg","width":2048,"height":1366,"caption":"admin"},"logo":{"@id":"https:\/\/fredericbillharz.com\/wp-content\/uploads\/2023\/09\/WhatsApp-Image-2023-09-22-at-14.53.40.jpeg"},"description":"Fr\u00e9d\u00e9ric Billharz is a singer, Tenor from Geneva, Switzerland.","sameAs":["https:\/\/www.fredericbillharz.com","https:\/\/www.facebook.com\/frederic.billharz","https:\/\/www.instagram.com\/billharzfrederic","https:\/\/x.com\/billharz","https:\/\/youtube.com\/@FredericBILLHARZ","https:\/\/soundcloud.com\/billharzfrederic"]}]}},"_links":{"self":[{"href":"https:\/\/fredericbillharz.com\/en\/wp-json\/wp\/v2\/pages\/15549","targetHints":{"allow":["GET"]}}],"collection":[{"href":"https:\/\/fredericbillharz.com\/en\/wp-json\/wp\/v2\/pages"}],"about":[{"href":"https:\/\/fredericbillharz.com\/en\/wp-json\/wp\/v2\/types\/page"}],"author":[{"embeddable":true,"href":"https:\/\/fredericbillharz.com\/en\/wp-json\/wp\/v2\/users\/2"}],"replies":[{"embeddable":true,"href":"https:\/\/fredericbillharz.com\/en\/wp-json\/wp\/v2\/comments?post=15549"}],"version-history":[{"count":7,"href":"https:\/\/fredericbillharz.com\/en\/wp-json\/wp\/v2\/pages\/15549\/revisions"}],"predecessor-version":[{"id":15852,"href":"https:\/\/fredericbillharz.com\/en\/wp-json\/wp\/v2\/pages\/15549\/revisions\/15852"}],"wp:attachment":[{"href":"https:\/\/fredericbillharz.com\/en\/wp-json\/wp\/v2\/media?parent=15549"}],"curies":[{"name":"wp","href":"https:\/\/api.w.org\/{rel}","templated":true}]}}