{"id":16955,"date":"2023-01-03T09:06:20","date_gmt":"2023-01-03T09:06:20","guid":{"rendered":"https:\/\/fredericbillharz.com\/?page_id=16955"},"modified":"2023-01-10T19:27:55","modified_gmt":"2023-01-10T19:27:55","slug":"evenement","status":"publish","type":"page","link":"https:\/\/fredericbillharz.com\/en\/evenement\/","title":{"rendered":"Event"},"content":{"rendered":"<div class=\"wpb-content-wrapper\"><div  class=\"vc_column-gap-35  vc_row-o-content-top  vc_row-flex vc_row wpb_row vc_row-fluid vc_custom_1673350452712 in_container \"><div class=\"wpb_column vc_column_container vc_col-sm-12\"><div class=\"vc_column-inner vc_custom_1673350328638\"><div class=\"wpb_wrapper\">\r\n\t<div class=\"wpb_single_image wpb_content_element vc_align_center  vc_custom_1673350770947 \">\r\n\t\t\r\n\t\t<figure class=\"wpb_wrapper vc_figure\">\r\n\t\t\t<div class=\"vc_single_image-wrapper img_fullwidth   vc_box_border_grey\"><img loading=\"lazy\" decoding=\"async\" width=\"1600\" height=\"1066\" src=\"https:\/\/fredericbillharz.com\/wp-content\/uploads\/2023\/01\/ab5d7a35-0bc4-4f92-9f53-6c45eb751ae5.jpg\" class=\"vc_single_image-img attachment-full\" alt=\"\" title=\"ab5d7a35-0bc4-4f92-9f53-6c45eb751ae5\" srcset=\"https:\/\/fredericbillharz.com\/wp-content\/uploads\/2023\/01\/ab5d7a35-0bc4-4f92-9f53-6c45eb751ae5.jpg 1600w, https:\/\/fredericbillharz.com\/wp-content\/uploads\/2023\/01\/ab5d7a35-0bc4-4f92-9f53-6c45eb751ae5-559x372.jpg 559w, https:\/\/fredericbillharz.com\/wp-content\/uploads\/2023\/01\/ab5d7a35-0bc4-4f92-9f53-6c45eb751ae5-1024x682.jpg 1024w, https:\/\/fredericbillharz.com\/wp-content\/uploads\/2023\/01\/ab5d7a35-0bc4-4f92-9f53-6c45eb751ae5-768x512.jpg 768w, https:\/\/fredericbillharz.com\/wp-content\/uploads\/2023\/01\/ab5d7a35-0bc4-4f92-9f53-6c45eb751ae5-1536x1023.jpg 1536w, https:\/\/fredericbillharz.com\/wp-content\/uploads\/2023\/01\/ab5d7a35-0bc4-4f92-9f53-6c45eb751ae5-18x12.jpg 18w\" sizes=\"auto, (max-width: 1600px) 100vw, 1600px\" \/><\/div>\r\n\t\t<\/figure>\r\n\t<\/div>\r\n\n\t<div class=\"wpb_text_column wpb_content_element intro\" >\n\t\t<div class=\"wpb_wrapper\">\n\t\t\t<h2 style=\"text-align: center; text-transform: uppercase; font-size: 24px; line-height: 1.2em;\">Pour me proposer un eVEnement, merci de remplir ce formulaire<\/h2>\n\n\t\t<\/div>\n\t<\/div>\n<div class=\"wpforms-container wpforms-container-full\" id=\"wpforms-16976\"><form id=\"wpforms-form-16976\" class=\"wpforms-validate wpforms-form wpforms-ajax-form\" data-formid=\"16976\" method=\"post\" enctype=\"multipart\/form-data\" action=\"\/en\/wp-json\/wp\/v2\/pages\/16955\" data-token=\"7db84ee77ba45e6ded0351ff750d9106\" data-token-time=\"1776228404\"><noscript class=\"wpforms-error-noscript\">Please enable JavaScript in your browser to complete this form.<\/noscript><div class=\"wpforms-field-container\"><div id=\"wpforms-16976-field_42-container\" class=\"wpforms-field wpforms-field-layout\" data-field-id=\"42\"><div class=\"wpforms-field-layout-columns wpforms-field-layout-preset-50-50\"><div class=\"wpforms-layout-column wpforms-layout-column-50\" ><div id=\"wpforms-16976-field_43-container\" class=\"wpforms-field wpforms-field-text\" data-field-id=\"43\"><label class=\"wpforms-field-label\" for=\"wpforms-16976-field_43\">Nom <span class=\"wpforms-required-label\">*<\/span><\/label><input type=\"text\" id=\"wpforms-16976-field_43\" class=\"wpforms-field-medium wpforms-field-required\" name=\"wpforms[fields][43]\" required><\/div><\/div><div class=\"wpforms-layout-column wpforms-layout-column-50\" ><div id=\"wpforms-16976-field_44-container\" class=\"wpforms-field wpforms-field-text\" data-field-id=\"44\"><label class=\"wpforms-field-label\" for=\"wpforms-16976-field_44\">Pr\u00e9nom <span class=\"wpforms-required-label\">*<\/span><\/label><input type=\"text\" id=\"wpforms-16976-field_44\" class=\"wpforms-field-medium wpforms-field-required\" name=\"wpforms[fields][44]\" required><\/div><\/div><\/div><\/div><div id=\"wpforms-16976-field_24-container\" class=\"wpforms-field wpforms-field-layout\" data-field-id=\"24\"><div class=\"wpforms-field-layout-columns wpforms-field-layout-preset-50-50\"><div class=\"wpforms-layout-column wpforms-layout-column-50\" ><div id=\"wpforms-16976-field_1-container\" class=\"wpforms-field wpforms-field-email wpforms-one-half wpforms-first\" data-field-id=\"1\"><label class=\"wpforms-field-label\" for=\"wpforms-16976-field_1\">E-mail <span class=\"wpforms-required-label\">*<\/span><\/label><input type=\"email\" id=\"wpforms-16976-field_1\" class=\"wpforms-field-large wpforms-field-required\" name=\"wpforms[fields][1]\" spellcheck=\"false\" required><\/div><\/div><div class=\"wpforms-layout-column wpforms-layout-column-50\" ><div id=\"wpforms-16976-field_18-container\" class=\"wpforms-field wpforms-field-phone\" data-field-id=\"18\"><label class=\"wpforms-field-label\" for=\"wpforms-16976-field_18\">Num\u00e9ro de t\u00e9l\u00e9phone <span class=\"wpforms-required-label\">*<\/span><\/label><input type=\"tel\" id=\"wpforms-16976-field_18\" class=\"wpforms-field-large wpforms-field-required wpforms-smart-phone-field\" data-rule-smart-phone-field=\"true\" name=\"wpforms[fields][18]\" placeholder=\"079 123 45 67\" aria-label=\"Num\u00e9ro de t\u00e9l\u00e9phone\" required><\/div><\/div><\/div><\/div><div id=\"wpforms-16976-field_22-container\" class=\"wpforms-field wpforms-field-html\" data-field-id=\"22\"><div id=\"wpforms-16976-field_22\"><hr \/><\/div><\/div><div id=\"wpforms-16976-field_27-container\" class=\"wpforms-field wpforms-field-divider\" data-field-id=\"27\"><h3 id=\"wpforms-16976-field_27\">Ev\u00e8nement<\/h3><\/div><div id=\"wpforms-16976-field_6-container\" class=\"wpforms-field wpforms-field-text\" data-field-id=\"6\"><label class=\"wpforms-field-label\" for=\"wpforms-16976-field_6\">Quel est le nom de votre \u00e9v\u00e8nement ? <span class=\"wpforms-required-label\">*<\/span><\/label><input type=\"text\" id=\"wpforms-16976-field_6\" class=\"wpforms-field-large wpforms-field-required\" name=\"wpforms[fields][6]\" required><\/div><div id=\"wpforms-16976-field_23-container\" class=\"wpforms-field wpforms-field-layout\" data-field-id=\"23\"><div class=\"wpforms-field-layout-columns wpforms-field-layout-preset-50-50\"><div class=\"wpforms-layout-column wpforms-layout-column-50\" ><div id=\"wpforms-16976-field_40-container\" class=\"wpforms-field wpforms-field-number\" data-field-id=\"40\"><label class=\"wpforms-field-label\" for=\"wpforms-16976-field_40\">Quelle est la dur\u00e9e d\u00e9sir\u00e9e (en min) ? <span class=\"wpforms-required-label\">*<\/span><\/label><input type=\"number\" id=\"wpforms-16976-field_40\" class=\"wpforms-field-medium wpforms-field-required\" name=\"wpforms[fields][40]\" step=\"any\" required><\/div><\/div><div class=\"wpforms-layout-column wpforms-layout-column-50\" ><div id=\"wpforms-16976-field_21-container\" class=\"wpforms-field wpforms-field-date-time\" data-field-id=\"21\"><label class=\"wpforms-field-label\" for=\"wpforms-16976-field_21\">Quelle est la date ? <span class=\"wpforms-required-label\">*<\/span><\/label><div class=\"wpforms-datepicker-wrap\"><input type=\"text\" id=\"wpforms-16976-field_21\" class=\"wpforms-field-date-time-date wpforms-datepicker wpforms-field-required wpforms-field-large\" data-date-format=\"F j, Y\" data-disable-past-dates=\"1\" data-disable-todays-date=\"0\" data-input=\"true\" name=\"wpforms[fields][21][date]\" required><a title=\"Clear Date\" data-clear role=\"button\" tabindex=\"0\" class=\"wpforms-datepicker-clear\" aria-label=\"Clear Date\" style=\"display:none;\"><\/a><\/div><\/div><\/div><\/div><\/div><div id=\"wpforms-16976-field_12-container\" class=\"wpforms-field wpforms-field-text\" data-field-id=\"12\"><label class=\"wpforms-field-label\" for=\"wpforms-16976-field_12\">O\u00f9 va-t-il se d\u00e9rouler ? <span class=\"wpforms-required-label\">*<\/span><\/label><input type=\"text\" id=\"wpforms-16976-field_12\" class=\"wpforms-field-large wpforms-field-required\" name=\"wpforms[fields][12]\" required><\/div><div id=\"wpforms-16976-field_25-container\" class=\"wpforms-field wpforms-field-html\" data-field-id=\"25\"><div id=\"wpforms-16976-field_25\"><hr \/><\/div><\/div><div id=\"wpforms-16976-field_34-container\" class=\"wpforms-field wpforms-field-divider\" data-field-id=\"34\"><h3 id=\"wpforms-16976-field_34\">Questions Techniques<\/h3><\/div><div id=\"wpforms-16976-field_31-container\" class=\"wpforms-field wpforms-field-layout\" data-field-id=\"31\"><div class=\"wpforms-field-layout-columns wpforms-field-layout-preset-50-50\"><div class=\"wpforms-layout-column wpforms-layout-column-50\" ><div id=\"wpforms-16976-field_10-container\" class=\"wpforms-field wpforms-field-text\" data-field-id=\"10\"><label class=\"wpforms-field-label\" for=\"wpforms-16976-field_10\">A quelle heure est le \u00ab soundcheck \u00bb ?<\/label><input type=\"text\" id=\"wpforms-16976-field_10\" class=\"wpforms-field-large\" name=\"wpforms[fields][10]\" ><\/div><\/div><div class=\"wpforms-layout-column wpforms-layout-column-50\" ><div id=\"wpforms-16976-field_11-container\" class=\"wpforms-field wpforms-field-text\" data-field-id=\"11\"><label class=\"wpforms-field-label\" for=\"wpforms-16976-field_11\">Quelle est l\u2019heure de passage pr\u00e9vue ? <span class=\"wpforms-required-label\">*<\/span><\/label><input type=\"text\" id=\"wpforms-16976-field_11\" class=\"wpforms-field-large wpforms-field-required\" name=\"wpforms[fields][11]\" required><\/div><\/div><\/div><\/div><div id=\"wpforms-16976-field_28-container\" class=\"wpforms-field wpforms-field-layout\" data-field-id=\"28\"><div class=\"wpforms-field-layout-columns wpforms-field-layout-preset-50-50\"><div class=\"wpforms-layout-column wpforms-layout-column-50\" ><div id=\"wpforms-16976-field_8-container\" class=\"wpforms-field wpforms-field-text\" data-field-id=\"8\"><label class=\"wpforms-field-label\" for=\"wpforms-16976-field_8\">Qui est l\u2019organisateur ? <span class=\"wpforms-required-label\">*<\/span><\/label><input type=\"text\" id=\"wpforms-16976-field_8\" class=\"wpforms-field-large wpforms-field-required\" name=\"wpforms[fields][8]\" required><\/div><div id=\"wpforms-16976-field_16-container\" class=\"wpforms-field wpforms-field-text\" data-field-id=\"16\"><label class=\"wpforms-field-label\" for=\"wpforms-16976-field_16\">Est-ce que des enceintes sont mises \u00e0 disposition ? Si oui, quel type ? <span class=\"wpforms-required-label\">*<\/span><\/label><input type=\"text\" id=\"wpforms-16976-field_16\" class=\"wpforms-field-large wpforms-field-required\" name=\"wpforms[fields][16]\" required><\/div><\/div><div class=\"wpforms-layout-column wpforms-layout-column-50\" ><div id=\"wpforms-16976-field_29-container\" class=\"wpforms-field wpforms-field-number\" data-field-id=\"29\"><label class=\"wpforms-field-label\" for=\"wpforms-16976-field_29\">Combien de personnes sont attendues ?<\/label><input type=\"number\" id=\"wpforms-16976-field_29\" class=\"wpforms-field-medium\" name=\"wpforms[fields][29]\" step=\"any\" ><\/div><div id=\"wpforms-16976-field_41-container\" class=\"wpforms-field wpforms-field-select wpforms-field-select-style-classic\" data-field-id=\"41\"><label class=\"wpforms-field-label\" for=\"wpforms-16976-field_41\">Est-ce qu\u2019un ing\u00e9nieur du son sera pr\u00e9sent ? <span class=\"wpforms-required-label\">*<\/span><\/label><select id=\"wpforms-16976-field_41\" class=\"wpforms-field-medium wpforms-field-required\" name=\"wpforms[fields][41]\" required=\"required\"><option value=\"Oui\"  class=\"choice-1 depth-1\"  >Oui<\/option><option value=\"Non\"  class=\"choice-2 depth-1\"  >Non<\/option><\/select><\/div><\/div><\/div><\/div><div id=\"wpforms-16976-field_33-container\" class=\"wpforms-field wpforms-field-html\" data-field-id=\"33\"><div id=\"wpforms-16976-field_33\"><hr \/><\/div><\/div><div id=\"wpforms-16976-field_36-container\" class=\"wpforms-field wpforms-field-divider\" data-field-id=\"36\"><h3 id=\"wpforms-16976-field_36\">Notes<\/h3><\/div><div id=\"wpforms-16976-field_32-container\" class=\"wpforms-field wpforms-field-textarea\" data-field-id=\"32\"><label class=\"wpforms-field-label\" for=\"wpforms-16976-field_32\">Avant d\u2019envoyer votre demande, souhaitez-vous ajouter quelques mots ?<\/label><textarea id=\"wpforms-16976-field_32\" class=\"wpforms-field-medium\" name=\"wpforms[fields][32]\" ><\/textarea><\/div><\/div><!-- .wpforms-field-container --><div class=\"wpforms-recaptcha-container wpforms-is-recaptcha wpforms-is-recaptcha-type-v3\" ><input type=\"hidden\" name=\"wpforms[recaptcha]\" value=\"\"><\/div><div class=\"wpforms-submit-container\" ><input type=\"hidden\" name=\"wpforms[id]\" value=\"16976\"><input type=\"hidden\" name=\"page_title\" value=\"\"><input type=\"hidden\" name=\"page_url\" value=\"https:\/\/fredericbillharz.com\/en\/wp-json\/wp\/v2\/pages\/16955\"><input type=\"hidden\" name=\"url_referer\" value=\"\"><button type=\"submit\" name=\"wpforms[submit]\" id=\"wpforms-submit-16976\" class=\"wpforms-submit\" data-alt-text=\"Envoi...\" data-submit-text=\"Envoyer\" aria-live=\"assertive\" value=\"wpforms-submit\">Envoyer<\/button><img loading=\"lazy\" decoding=\"async\" src=\"https:\/\/fredericbillharz.com\/wp-content\/plugins\/wpforms\/assets\/images\/submit-spin.svg\" class=\"wpforms-submit-spinner\" style=\"display: none;\" width=\"26\" height=\"26\" alt=\"Loading\"><\/div><\/form><\/div>  <!-- .wpforms-container --><\/div><\/div><\/div><\/div>\n<\/div>","protected":false},"excerpt":{"rendered":"Pour me proposer un eVEnement, merci de remplir ce formulaire Please enable JavaScript in your browser to complete this form.Nom *Pr\u00e9nom *E-mail *Num\u00e9ro de t\u00e9l\u00e9phone *Ev\u00e8nementQuel est le nom de votre \u00e9v\u00e8nement ? *Quelle est la dur\u00e9e d\u00e9sir\u00e9e (en min) ? *Quelle est la date ? *O\u00f9 va-t-il se d\u00e9rouler ? *Questions TechniquesA quelle heure est le \u00ab soundcheck \u00bb ?Quelle est l\u2019heure de passage pr\u00e9vue ? *Qui est l\u2019organisateur ? *Est-ce que des enceintes sont mises \u00e0 disposition ? [...]","protected":false},"author":2,"featured_media":0,"parent":0,"menu_order":0,"comment_status":"closed","ping_status":"closed","template":"","meta":{"_acf_changed":false,"footnotes":""},"class_list":["post-16955","page","type-page","status-publish","hentry"],"acf":[],"yoast_head":"<!-- This site is optimized with the Yoast SEO plugin v27.4 - https:\/\/yoast.com\/product\/yoast-seo-wordpress\/ -->\n<title>Ev\u00e8nement - Fr\u00e9d\u00e9ric BILLHARZ<\/title>\n<meta name=\"robots\" content=\"index, follow, max-snippet:-1, max-image-preview:large, max-video-preview:-1\" \/>\n<link rel=\"canonical\" href=\"https:\/\/fredericbillharz.com\/en\/evenement\/\" \/>\n<meta property=\"og:locale\" content=\"en_GB\" \/>\n<meta property=\"og:type\" content=\"article\" \/>\n<meta property=\"og:title\" content=\"Ev\u00e8nement - Fr\u00e9d\u00e9ric BILLHARZ\" \/>\n<meta property=\"og:url\" content=\"https:\/\/fredericbillharz.com\/en\/evenement\/\" \/>\n<meta property=\"og:site_name\" content=\"Fr\u00e9d\u00e9ric BILLHARZ\" \/>\n<meta property=\"article:publisher\" content=\"https:\/\/www.facebook.com\/frederic.billharz\" \/>\n<meta property=\"article:modified_time\" content=\"2023-01-10T19:27:55+00:00\" \/>\n<meta name=\"twitter:card\" content=\"summary_large_image\" \/>\n<meta name=\"twitter:site\" content=\"@billharz\" \/>\n<script type=\"application\/ld+json\" class=\"yoast-schema-graph\">{\"@context\":\"https:\\\/\\\/schema.org\",\"@graph\":[{\"@type\":\"WebPage\",\"@id\":\"https:\\\/\\\/fredericbillharz.com\\\/evenement\\\/\",\"url\":\"https:\\\/\\\/fredericbillharz.com\\\/evenement\\\/\",\"name\":\"Ev\u00e8nement - Fr\u00e9d\u00e9ric BILLHARZ\",\"isPartOf\":{\"@id\":\"https:\\\/\\\/fredericbillharz.com\\\/#website\"},\"datePublished\":\"2023-01-03T09:06:20+00:00\",\"dateModified\":\"2023-01-10T19:27:55+00:00\",\"breadcrumb\":{\"@id\":\"https:\\\/\\\/fredericbillharz.com\\\/evenement\\\/#breadcrumb\"},\"inLanguage\":\"en-GB\",\"potentialAction\":[{\"@type\":\"ReadAction\",\"target\":[\"https:\\\/\\\/fredericbillharz.com\\\/evenement\\\/\"]}]},{\"@type\":\"BreadcrumbList\",\"@id\":\"https:\\\/\\\/fredericbillharz.com\\\/evenement\\\/#breadcrumb\",\"itemListElement\":[{\"@type\":\"ListItem\",\"position\":1,\"name\":\"Home\",\"item\":\"https:\\\/\\\/fredericbillharz.com\\\/\"},{\"@type\":\"ListItem\",\"position\":2,\"name\":\"Ev\u00e8nement\"}]},{\"@type\":\"WebSite\",\"@id\":\"https:\\\/\\\/fredericbillharz.com\\\/#website\",\"url\":\"https:\\\/\\\/fredericbillharz.com\\\/\",\"name\":\"Fr\u00e9d\u00e9ric BILLHARZ\",\"description\":\"T\u00e9nor\",\"publisher\":{\"@id\":\"https:\\\/\\\/fredericbillharz.com\\\/#\\\/schema\\\/person\\\/ba4cfbc2c23644affe23e72958225783\"},\"potentialAction\":[{\"@type\":\"SearchAction\",\"target\":{\"@type\":\"EntryPoint\",\"urlTemplate\":\"https:\\\/\\\/fredericbillharz.com\\\/?s={search_term_string}\"},\"query-input\":{\"@type\":\"PropertyValueSpecification\",\"valueRequired\":true,\"valueName\":\"search_term_string\"}}],\"inLanguage\":\"en-GB\"},{\"@type\":[\"Person\",\"Organization\"],\"@id\":\"https:\\\/\\\/fredericbillharz.com\\\/#\\\/schema\\\/person\\\/ba4cfbc2c23644affe23e72958225783\",\"name\":\"admin\",\"image\":{\"@type\":\"ImageObject\",\"inLanguage\":\"en-GB\",\"@id\":\"https:\\\/\\\/fredericbillharz.com\\\/wp-content\\\/uploads\\\/2023\\\/09\\\/WhatsApp-Image-2023-09-22-at-14.53.40.jpeg\",\"url\":\"https:\\\/\\\/fredericbillharz.com\\\/wp-content\\\/uploads\\\/2023\\\/09\\\/WhatsApp-Image-2023-09-22-at-14.53.40.jpeg\",\"contentUrl\":\"https:\\\/\\\/fredericbillharz.com\\\/wp-content\\\/uploads\\\/2023\\\/09\\\/WhatsApp-Image-2023-09-22-at-14.53.40.jpeg\",\"width\":2048,\"height\":1366,\"caption\":\"admin\"},\"logo\":{\"@id\":\"https:\\\/\\\/fredericbillharz.com\\\/wp-content\\\/uploads\\\/2023\\\/09\\\/WhatsApp-Image-2023-09-22-at-14.53.40.jpeg\"},\"description\":\"Fr\u00e9d\u00e9ric Billharz is a singer, Tenor from Geneva, Switzerland.\",\"sameAs\":[\"https:\\\/\\\/www.fredericbillharz.com\",\"https:\\\/\\\/www.facebook.com\\\/frederic.billharz\",\"https:\\\/\\\/www.instagram.com\\\/billharzfrederic\",\"https:\\\/\\\/x.com\\\/billharz\",\"https:\\\/\\\/youtube.com\\\/@FredericBILLHARZ\",\"https:\\\/\\\/soundcloud.com\\\/billharzfrederic\"]}]}<\/script>\n<!-- \/ Yoast SEO plugin. -->","yoast_head_json":{"title":"Ev\u00e8nement - Fr\u00e9d\u00e9ric BILLHARZ","robots":{"index":"index","follow":"follow","max-snippet":"max-snippet:-1","max-image-preview":"max-image-preview:large","max-video-preview":"max-video-preview:-1"},"canonical":"https:\/\/fredericbillharz.com\/en\/evenement\/","og_locale":"en_GB","og_type":"article","og_title":"Ev\u00e8nement - Fr\u00e9d\u00e9ric BILLHARZ","og_url":"https:\/\/fredericbillharz.com\/en\/evenement\/","og_site_name":"Fr\u00e9d\u00e9ric BILLHARZ","article_publisher":"https:\/\/www.facebook.com\/frederic.billharz","article_modified_time":"2023-01-10T19:27:55+00:00","twitter_card":"summary_large_image","twitter_site":"@billharz","schema":{"@context":"https:\/\/schema.org","@graph":[{"@type":"WebPage","@id":"https:\/\/fredericbillharz.com\/evenement\/","url":"https:\/\/fredericbillharz.com\/evenement\/","name":"Ev\u00e8nement - Fr\u00e9d\u00e9ric BILLHARZ","isPartOf":{"@id":"https:\/\/fredericbillharz.com\/#website"},"datePublished":"2023-01-03T09:06:20+00:00","dateModified":"2023-01-10T19:27:55+00:00","breadcrumb":{"@id":"https:\/\/fredericbillharz.com\/evenement\/#breadcrumb"},"inLanguage":"en-GB","potentialAction":[{"@type":"ReadAction","target":["https:\/\/fredericbillharz.com\/evenement\/"]}]},{"@type":"BreadcrumbList","@id":"https:\/\/fredericbillharz.com\/evenement\/#breadcrumb","itemListElement":[{"@type":"ListItem","position":1,"name":"Home","item":"https:\/\/fredericbillharz.com\/"},{"@type":"ListItem","position":2,"name":"Ev\u00e8nement"}]},{"@type":"WebSite","@id":"https:\/\/fredericbillharz.com\/#website","url":"https:\/\/fredericbillharz.com\/","name":"Fr\u00e9d\u00e9ric BILLHARZ","description":"Tenor","publisher":{"@id":"https:\/\/fredericbillharz.com\/#\/schema\/person\/ba4cfbc2c23644affe23e72958225783"},"potentialAction":[{"@type":"SearchAction","target":{"@type":"EntryPoint","urlTemplate":"https:\/\/fredericbillharz.com\/?s={search_term_string}"},"query-input":{"@type":"PropertyValueSpecification","valueRequired":true,"valueName":"search_term_string"}}],"inLanguage":"en-GB"},{"@type":["Person","Organization"],"@id":"https:\/\/fredericbillharz.com\/#\/schema\/person\/ba4cfbc2c23644affe23e72958225783","name":"admin","image":{"@type":"ImageObject","inLanguage":"en-GB","@id":"https:\/\/fredericbillharz.com\/wp-content\/uploads\/2023\/09\/WhatsApp-Image-2023-09-22-at-14.53.40.jpeg","url":"https:\/\/fredericbillharz.com\/wp-content\/uploads\/2023\/09\/WhatsApp-Image-2023-09-22-at-14.53.40.jpeg","contentUrl":"https:\/\/fredericbillharz.com\/wp-content\/uploads\/2023\/09\/WhatsApp-Image-2023-09-22-at-14.53.40.jpeg","width":2048,"height":1366,"caption":"admin"},"logo":{"@id":"https:\/\/fredericbillharz.com\/wp-content\/uploads\/2023\/09\/WhatsApp-Image-2023-09-22-at-14.53.40.jpeg"},"description":"Fr\u00e9d\u00e9ric Billharz is a singer, Tenor from Geneva, Switzerland.","sameAs":["https:\/\/www.fredericbillharz.com","https:\/\/www.facebook.com\/frederic.billharz","https:\/\/www.instagram.com\/billharzfrederic","https:\/\/x.com\/billharz","https:\/\/youtube.com\/@FredericBILLHARZ","https:\/\/soundcloud.com\/billharzfrederic"]}]}},"_links":{"self":[{"href":"https:\/\/fredericbillharz.com\/en\/wp-json\/wp\/v2\/pages\/16955","targetHints":{"allow":["GET"]}}],"collection":[{"href":"https:\/\/fredericbillharz.com\/en\/wp-json\/wp\/v2\/pages"}],"about":[{"href":"https:\/\/fredericbillharz.com\/en\/wp-json\/wp\/v2\/types\/page"}],"author":[{"embeddable":true,"href":"https:\/\/fredericbillharz.com\/en\/wp-json\/wp\/v2\/users\/2"}],"replies":[{"embeddable":true,"href":"https:\/\/fredericbillharz.com\/en\/wp-json\/wp\/v2\/comments?post=16955"}],"version-history":[{"count":24,"href":"https:\/\/fredericbillharz.com\/en\/wp-json\/wp\/v2\/pages\/16955\/revisions"}],"predecessor-version":[{"id":17196,"href":"https:\/\/fredericbillharz.com\/en\/wp-json\/wp\/v2\/pages\/16955\/revisions\/17196"}],"wp:attachment":[{"href":"https:\/\/fredericbillharz.com\/en\/wp-json\/wp\/v2\/media?parent=16955"}],"curies":[{"name":"wp","href":"https:\/\/api.w.org\/{rel}","templated":true}]}}