{"id":470,"date":"2016-05-27T03:34:02","date_gmt":"2016-05-27T03:34:02","guid":{"rendered":"https:\/\/fredericbillharz.com\/?page_id=470"},"modified":"2023-02-01T15:46:48","modified_gmt":"2023-02-01T15:46:48","slug":"videos","status":"publish","type":"page","link":"https:\/\/fredericbillharz.com\/en\/videos\/","title":{"rendered":"Videos"},"content":{"rendered":"<div class=\"wpb-content-wrapper\"><div class=\"vc_column-gap-35 vc_row wpb_row vc_row-fluid in_container\"><div class=\"wpb_column vc_column_container vc_col-sm-6\"><div class=\"vc_column-inner\"><div class=\"wpb_wrapper\"><h2 style=\"text-align: center\" class=\"vc_custom_heading sub-header\">Nessun dorma<\/h2>\n\t<div class=\"wpb_video_widget wpb_content_element vc_clearfix   vc_custom_1675194242741 vc_video-aspect-ratio-169 vc_video-el-width-100 vc_video-align-center\" >\n\t\t<div class=\"wpb_wrapper\">\n\t\t\t\n\t\t\t<div class=\"wpb_video_wrapper\"><iframe loading=\"lazy\" title=\"Nessun Dorma, Fr\u00e9d\u00e9ric Billharz (Gen\u00e8ve) - Album La Rinascita\" width=\"500\" height=\"281\" src=\"https:\/\/www.youtube.com\/embed\/_LqrVxOUAt4?feature=oembed\" frameborder=\"0\" allow=\"accelerometer; autoplay; clipboard-write; encrypted-media; gyroscope; picture-in-picture; web-share\" referrerpolicy=\"strict-origin-when-cross-origin\" allowfullscreen><\/iframe><\/div>\n\t\t<\/div>\n\t<\/div>\n<\/div><\/div><\/div><div class=\"wpb_column vc_column_container vc_col-sm-6\"><div class=\"vc_column-inner\"><div class=\"wpb_wrapper\"><h2 style=\"text-align: center\" class=\"vc_custom_heading sub-header\">C\u00e9 qu'\u00e8 lain\u00f4 - Gen\u00e8ve-Servette Hockey Club<\/h2>\n\t<div class=\"wpb_video_widget wpb_content_element vc_clearfix   vc_video-aspect-ratio-169 vc_video-el-width-100 vc_video-align-center\" >\n\t\t<div class=\"wpb_wrapper\">\n\t\t\t\n\t\t\t<div class=\"wpb_video_wrapper\"><iframe loading=\"lazy\" title=\"C\u00e9 qu&#039;\u00e8 lain\u00f4 - Hymne de Gen\u00e8ve - Fr\u00e9d\u00e9ric BILLHARZ - Gen\u00e8ve-Servette Hockey Club\" width=\"500\" height=\"281\" src=\"https:\/\/www.youtube.com\/embed\/Ly7OQiPyprQ?feature=oembed\" frameborder=\"0\" allow=\"accelerometer; autoplay; clipboard-write; encrypted-media; gyroscope; picture-in-picture; web-share\" referrerpolicy=\"strict-origin-when-cross-origin\" allowfullscreen><\/iframe><\/div>\n\t\t<\/div>\n\t<\/div>\n<\/div><\/div><\/div><\/div><div  class=\"vc_column-gap-35 vc_row wpb_row vc_row-fluid in_container\"><div class=\"wpb_column vc_column_container vc_col-sm-6\"><div class=\"vc_column-inner\"><div class=\"wpb_wrapper\"><h2 style=\"text-align: center\" class=\"vc_custom_heading sub-header\">Minuit chr\u00e9tien<\/h2>\n\t<div class=\"wpb_video_widget wpb_content_element vc_clearfix   vc_video-aspect-ratio-169 vc_video-el-width-100 vc_video-align-center\" >\n\t\t<div class=\"wpb_wrapper\">\n\t\t\t\n\t\t\t<div class=\"wpb_video_wrapper\"><iframe loading=\"lazy\" title=\"Minuit chre\u0301tien, Fr\u00e9d\u00e9ric Billharz\" width=\"500\" height=\"281\" src=\"https:\/\/www.youtube.com\/embed\/EBfmeDxGTco?feature=oembed\" frameborder=\"0\" allow=\"accelerometer; autoplay; clipboard-write; encrypted-media; gyroscope; picture-in-picture; web-share\" referrerpolicy=\"strict-origin-when-cross-origin\" allowfullscreen><\/iframe><\/div>\n\t\t<\/div>\n\t<\/div>\n<\/div><\/div><\/div><div class=\"wpb_column vc_column_container vc_col-sm-6\"><div class=\"vc_column-inner\"><div class=\"wpb_wrapper\"><h2 style=\"text-align: center\" class=\"vc_custom_heading sub-header\">Caruso<\/h2>\n\t<div class=\"wpb_video_widget wpb_content_element vc_clearfix   vc_video-aspect-ratio-169 vc_video-el-width-100 vc_video-align-center\" >\n\t\t<div class=\"wpb_wrapper\">\n\t\t\t\n\t\t\t<div class=\"wpb_video_wrapper\"><iframe loading=\"lazy\" title=\"Caruso (live), Fr\u00e9d\u00e9ric Billharz\" width=\"500\" height=\"281\" src=\"https:\/\/www.youtube.com\/embed\/mK5AQng09wE?feature=oembed\" frameborder=\"0\" allow=\"accelerometer; autoplay; clipboard-write; encrypted-media; gyroscope; picture-in-picture; web-share\" referrerpolicy=\"strict-origin-when-cross-origin\" allowfullscreen><\/iframe><\/div>\n\t\t<\/div>\n\t<\/div>\n<\/div><\/div><\/div><\/div><div  class=\"vc_column-gap-35 vc_row wpb_row vc_row-fluid in_container\"><div class=\"wpb_column vc_column_container vc_col-sm-6\"><div class=\"vc_column-inner\"><div class=\"wpb_wrapper\"><h2 style=\"text-align: center\" class=\"vc_custom_heading sub-header\">Nelle tue mani (Gladiator)<\/h2>\n\t<div class=\"wpb_video_widget wpb_content_element vc_clearfix   vc_video-aspect-ratio-169 vc_video-el-width-100 vc_video-align-center\" >\n\t\t<div class=\"wpb_wrapper\">\n\t\t\t\n\t\t\t<div class=\"wpb_video_wrapper\"><iframe loading=\"lazy\" title=\"Nelle tue mani (live au P&#039;tit Music Hohl de Gen\u00e8ve), Fr\u00e9d\u00e9ric Billharz\" width=\"500\" height=\"281\" src=\"https:\/\/www.youtube.com\/embed\/IgEOieqcGMM?feature=oembed\" frameborder=\"0\" allow=\"accelerometer; autoplay; clipboard-write; encrypted-media; gyroscope; picture-in-picture; web-share\" referrerpolicy=\"strict-origin-when-cross-origin\" allowfullscreen><\/iframe><\/div>\n\t\t<\/div>\n\t<\/div>\n<\/div><\/div><\/div><div class=\"wpb_column vc_column_container vc_col-sm-6\"><div class=\"vc_column-inner\"><div class=\"wpb_wrapper\"><h2 style=\"text-align: center\" class=\"vc_custom_heading sub-header\">Con te partiro<\/h2>\n\t<div class=\"wpb_video_widget wpb_content_element vc_clearfix   vc_video-aspect-ratio-169 vc_video-el-width-100 vc_video-align-center\" >\n\t\t<div class=\"wpb_wrapper\">\n\t\t\t\n\t\t\t<div class=\"wpb_video_wrapper\"><iframe loading=\"lazy\" title=\"Con te partiro (live au P&#039;tit Music Hohl de Gen\u00e8ve), Fr\u00e9d\u00e9ric Billharz\" width=\"500\" height=\"281\" src=\"https:\/\/www.youtube.com\/embed\/WwJcWVWtMzk?feature=oembed\" frameborder=\"0\" allow=\"accelerometer; autoplay; clipboard-write; encrypted-media; gyroscope; picture-in-picture; web-share\" referrerpolicy=\"strict-origin-when-cross-origin\" allowfullscreen><\/iframe><\/div>\n\t\t<\/div>\n\t<\/div>\n<\/div><\/div><\/div><\/div>\n<\/div>","protected":false},"excerpt":{"rendered":"Nessun dorma C\u00e9 qu'\u00e8 lain\u00f4 - Gen\u00e8ve-Servette Hockey Club Minuit chr\u00e9tien Caruso Nelle tue mani (Gladiator) Con te partiro","protected":false},"author":1,"featured_media":0,"parent":0,"menu_order":0,"comment_status":"closed","ping_status":"closed","template":"","meta":{"_acf_changed":false,"footnotes":""},"class_list":["post-470","page","type-page","status-publish","hentry"],"acf":[],"yoast_head":"<!-- This site is optimized with the Yoast SEO plugin v27.3 - https:\/\/yoast.com\/product\/yoast-seo-wordpress\/ -->\n<title>Vid\u00e9os - Fr\u00e9d\u00e9ric BILLHARZ<\/title>\n<meta name=\"robots\" content=\"index, follow, max-snippet:-1, max-image-preview:large, max-video-preview:-1\" \/>\n<link rel=\"canonical\" href=\"https:\/\/fredericbillharz.com\/en\/videos\/\" \/>\n<meta property=\"og:locale\" content=\"en_GB\" \/>\n<meta property=\"og:type\" content=\"article\" \/>\n<meta property=\"og:title\" content=\"Vid\u00e9os - Fr\u00e9d\u00e9ric BILLHARZ\" \/>\n<meta property=\"og:url\" content=\"https:\/\/fredericbillharz.com\/en\/videos\/\" \/>\n<meta property=\"og:site_name\" content=\"Fr\u00e9d\u00e9ric BILLHARZ\" \/>\n<meta property=\"article:publisher\" content=\"https:\/\/www.facebook.com\/frederic.billharz\" \/>\n<meta property=\"article:modified_time\" content=\"2023-02-01T15:46:48+00:00\" \/>\n<meta name=\"twitter:card\" content=\"summary_large_image\" \/>\n<meta name=\"twitter:site\" content=\"@billharz\" \/>\n<meta name=\"twitter:label1\" content=\"Estimated reading time\" \/>\n\t<meta name=\"twitter:data1\" content=\"2 minutes\" \/>\n<script type=\"application\/ld+json\" class=\"yoast-schema-graph\">{\"@context\":\"https:\\\/\\\/schema.org\",\"@graph\":[{\"@type\":\"WebPage\",\"@id\":\"https:\\\/\\\/fredericbillharz.com\\\/videos\\\/\",\"url\":\"https:\\\/\\\/fredericbillharz.com\\\/videos\\\/\",\"name\":\"Vid\u00e9os - Fr\u00e9d\u00e9ric BILLHARZ\",\"isPartOf\":{\"@id\":\"https:\\\/\\\/fredericbillharz.com\\\/#website\"},\"datePublished\":\"2016-05-27T03:34:02+00:00\",\"dateModified\":\"2023-02-01T15:46:48+00:00\",\"breadcrumb\":{\"@id\":\"https:\\\/\\\/fredericbillharz.com\\\/videos\\\/#breadcrumb\"},\"inLanguage\":\"en-GB\",\"potentialAction\":[{\"@type\":\"ReadAction\",\"target\":[\"https:\\\/\\\/fredericbillharz.com\\\/videos\\\/\"]}]},{\"@type\":\"BreadcrumbList\",\"@id\":\"https:\\\/\\\/fredericbillharz.com\\\/videos\\\/#breadcrumb\",\"itemListElement\":[{\"@type\":\"ListItem\",\"position\":1,\"name\":\"Home\",\"item\":\"https:\\\/\\\/fredericbillharz.com\\\/\"},{\"@type\":\"ListItem\",\"position\":2,\"name\":\"Vid\u00e9os\"}]},{\"@type\":\"WebSite\",\"@id\":\"https:\\\/\\\/fredericbillharz.com\\\/#website\",\"url\":\"https:\\\/\\\/fredericbillharz.com\\\/\",\"name\":\"Fr\u00e9d\u00e9ric BILLHARZ\",\"description\":\"T\u00e9nor\",\"publisher\":{\"@id\":\"https:\\\/\\\/fredericbillharz.com\\\/#\\\/schema\\\/person\\\/ba4cfbc2c23644affe23e72958225783\"},\"potentialAction\":[{\"@type\":\"SearchAction\",\"target\":{\"@type\":\"EntryPoint\",\"urlTemplate\":\"https:\\\/\\\/fredericbillharz.com\\\/?s={search_term_string}\"},\"query-input\":{\"@type\":\"PropertyValueSpecification\",\"valueRequired\":true,\"valueName\":\"search_term_string\"}}],\"inLanguage\":\"en-GB\"},{\"@type\":[\"Person\",\"Organization\"],\"@id\":\"https:\\\/\\\/fredericbillharz.com\\\/#\\\/schema\\\/person\\\/ba4cfbc2c23644affe23e72958225783\",\"name\":\"admin\",\"image\":{\"@type\":\"ImageObject\",\"inLanguage\":\"en-GB\",\"@id\":\"https:\\\/\\\/fredericbillharz.com\\\/wp-content\\\/uploads\\\/2023\\\/09\\\/WhatsApp-Image-2023-09-22-at-14.53.40.jpeg\",\"url\":\"https:\\\/\\\/fredericbillharz.com\\\/wp-content\\\/uploads\\\/2023\\\/09\\\/WhatsApp-Image-2023-09-22-at-14.53.40.jpeg\",\"contentUrl\":\"https:\\\/\\\/fredericbillharz.com\\\/wp-content\\\/uploads\\\/2023\\\/09\\\/WhatsApp-Image-2023-09-22-at-14.53.40.jpeg\",\"width\":2048,\"height\":1366,\"caption\":\"admin\"},\"logo\":{\"@id\":\"https:\\\/\\\/fredericbillharz.com\\\/wp-content\\\/uploads\\\/2023\\\/09\\\/WhatsApp-Image-2023-09-22-at-14.53.40.jpeg\"},\"description\":\"Fr\u00e9d\u00e9ric Billharz is a singer, Tenor from Geneva, Switzerland.\",\"sameAs\":[\"https:\\\/\\\/www.fredericbillharz.com\",\"https:\\\/\\\/www.facebook.com\\\/frederic.billharz\",\"https:\\\/\\\/www.instagram.com\\\/billharzfrederic\",\"https:\\\/\\\/x.com\\\/billharz\",\"https:\\\/\\\/youtube.com\\\/@FredericBILLHARZ\",\"https:\\\/\\\/soundcloud.com\\\/billharzfrederic\"]}]}<\/script>\n<!-- \/ Yoast SEO plugin. -->","yoast_head_json":{"title":"Vid\u00e9os - Fr\u00e9d\u00e9ric BILLHARZ","robots":{"index":"index","follow":"follow","max-snippet":"max-snippet:-1","max-image-preview":"max-image-preview:large","max-video-preview":"max-video-preview:-1"},"canonical":"https:\/\/fredericbillharz.com\/en\/videos\/","og_locale":"en_GB","og_type":"article","og_title":"Vid\u00e9os - Fr\u00e9d\u00e9ric BILLHARZ","og_url":"https:\/\/fredericbillharz.com\/en\/videos\/","og_site_name":"Fr\u00e9d\u00e9ric BILLHARZ","article_publisher":"https:\/\/www.facebook.com\/frederic.billharz","article_modified_time":"2023-02-01T15:46:48+00:00","twitter_card":"summary_large_image","twitter_site":"@billharz","twitter_misc":{"Estimated reading time":"2 minutes"},"schema":{"@context":"https:\/\/schema.org","@graph":[{"@type":"WebPage","@id":"https:\/\/fredericbillharz.com\/videos\/","url":"https:\/\/fredericbillharz.com\/videos\/","name":"Vid\u00e9os - Fr\u00e9d\u00e9ric BILLHARZ","isPartOf":{"@id":"https:\/\/fredericbillharz.com\/#website"},"datePublished":"2016-05-27T03:34:02+00:00","dateModified":"2023-02-01T15:46:48+00:00","breadcrumb":{"@id":"https:\/\/fredericbillharz.com\/videos\/#breadcrumb"},"inLanguage":"en-GB","potentialAction":[{"@type":"ReadAction","target":["https:\/\/fredericbillharz.com\/videos\/"]}]},{"@type":"BreadcrumbList","@id":"https:\/\/fredericbillharz.com\/videos\/#breadcrumb","itemListElement":[{"@type":"ListItem","position":1,"name":"Home","item":"https:\/\/fredericbillharz.com\/"},{"@type":"ListItem","position":2,"name":"Vid\u00e9os"}]},{"@type":"WebSite","@id":"https:\/\/fredericbillharz.com\/#website","url":"https:\/\/fredericbillharz.com\/","name":"Fr\u00e9d\u00e9ric BILLHARZ","description":"Tenor","publisher":{"@id":"https:\/\/fredericbillharz.com\/#\/schema\/person\/ba4cfbc2c23644affe23e72958225783"},"potentialAction":[{"@type":"SearchAction","target":{"@type":"EntryPoint","urlTemplate":"https:\/\/fredericbillharz.com\/?s={search_term_string}"},"query-input":{"@type":"PropertyValueSpecification","valueRequired":true,"valueName":"search_term_string"}}],"inLanguage":"en-GB"},{"@type":["Person","Organization"],"@id":"https:\/\/fredericbillharz.com\/#\/schema\/person\/ba4cfbc2c23644affe23e72958225783","name":"admin","image":{"@type":"ImageObject","inLanguage":"en-GB","@id":"https:\/\/fredericbillharz.com\/wp-content\/uploads\/2023\/09\/WhatsApp-Image-2023-09-22-at-14.53.40.jpeg","url":"https:\/\/fredericbillharz.com\/wp-content\/uploads\/2023\/09\/WhatsApp-Image-2023-09-22-at-14.53.40.jpeg","contentUrl":"https:\/\/fredericbillharz.com\/wp-content\/uploads\/2023\/09\/WhatsApp-Image-2023-09-22-at-14.53.40.jpeg","width":2048,"height":1366,"caption":"admin"},"logo":{"@id":"https:\/\/fredericbillharz.com\/wp-content\/uploads\/2023\/09\/WhatsApp-Image-2023-09-22-at-14.53.40.jpeg"},"description":"Fr\u00e9d\u00e9ric Billharz is a singer, Tenor from Geneva, Switzerland.","sameAs":["https:\/\/www.fredericbillharz.com","https:\/\/www.facebook.com\/frederic.billharz","https:\/\/www.instagram.com\/billharzfrederic","https:\/\/x.com\/billharz","https:\/\/youtube.com\/@FredericBILLHARZ","https:\/\/soundcloud.com\/billharzfrederic"]}]}},"_links":{"self":[{"href":"https:\/\/fredericbillharz.com\/en\/wp-json\/wp\/v2\/pages\/470","targetHints":{"allow":["GET"]}}],"collection":[{"href":"https:\/\/fredericbillharz.com\/en\/wp-json\/wp\/v2\/pages"}],"about":[{"href":"https:\/\/fredericbillharz.com\/en\/wp-json\/wp\/v2\/types\/page"}],"author":[{"embeddable":true,"href":"https:\/\/fredericbillharz.com\/en\/wp-json\/wp\/v2\/users\/1"}],"replies":[{"embeddable":true,"href":"https:\/\/fredericbillharz.com\/en\/wp-json\/wp\/v2\/comments?post=470"}],"version-history":[{"count":34,"href":"https:\/\/fredericbillharz.com\/en\/wp-json\/wp\/v2\/pages\/470\/revisions"}],"predecessor-version":[{"id":17317,"href":"https:\/\/fredericbillharz.com\/en\/wp-json\/wp\/v2\/pages\/470\/revisions\/17317"}],"wp:attachment":[{"href":"https:\/\/fredericbillharz.com\/en\/wp-json\/wp\/v2\/media?parent=470"}],"curies":[{"name":"wp","href":"https:\/\/api.w.org\/{rel}","templated":true}]}}