{"id":85,"date":"2016-05-22T21:02:56","date_gmt":"2016-05-22T21:02:56","guid":{"rendered":"https:\/\/fredericbillharz.com\/?page_id=85"},"modified":"2025-11-16T18:21:15","modified_gmt":"2025-11-16T18:21:15","slug":"bio","status":"publish","type":"page","link":"https:\/\/fredericbillharz.com\/en\/bio\/","title":{"rendered":"Musical bio"},"content":{"rendered":"<p class=\"has-text-align-left\">At the age of 7, Fr\u00e9d\u00e9ric began his musical journey by beginning to study music theory and piccolo. This passion then led her to study the slide trombone for seven years. However, at the age of 15, everything changed when he discovered the pleasure of singing while listening to Marillion's album \"Seasons End\" on a 33 rpm vinyl. A few months later, when he attended a performance of Puccini's opera \"Turandot,\" it was a major revelation. he then made the immediate decision to abandon the slide trombone to devote himself to classical singing. He enrolled at the Geneva Conservatory to study singing and piano (2 years). Thanks to the teachings of his teachers, Marga Liskutin and Claude Darbellay, he obtained his certificate with the congratulations of the jury. He took part in musical comedies, notably playing the role of Raoul in \"The Phantom of the Opera\" and the lead role in \"Illusion\".<\/p>\n\n\n\n<p class=\"has-text-align-left\">In 2022, he released his first album entitled \"La Rinascita\". This album includes 10 opera arias in Italian composed by Puccini, Mozart, Verdi, Donizetti and Cilea.&nbsp;<\/p>\n\n\n\n<p class=\"has-text-align-left\">Son r\u00e9pertoire est vari\u00e9, englobant des airs d&rsquo;op\u00e9ra, des airs de bel canto, des airs sacr\u00e9s, du crossover et m\u00eame de la pop. Il chante dans 10 langues : fran\u00e7ais, italien, napolitain, corse, allemand, anglais, espagnol, latin, grec ancien et su\u00e9dois.<\/p>\n\n\n\n<p class=\"has-text-align-left\">Fr\u00e9d\u00e9ric has a passion for musical diversity and likes to offer recitals mixing different styles, bringing a modern approach to his performances. He sings during religious or secular ceremonies and also offers personalized performances during special events (national anthems for example) such as inaugurations, cocktail parties, general meetings and inaugurations.<\/p>\n\n\n\n<p class=\"has-text-align-left\">As a versatile opera singer, his repertoire offers a true symphony of styles, from classic opera arias such as \"Nessun Dorma\", to bel canto with classics like \"Caruso\" and \"Granada\", to excerpts musical comedies such as \u201cStarmania\u201d, \u201cNotre-Dame de Paris\u201d and \u201cLes Mis\u00e9rables\u201d. In addition to this, he passionately performs international standards such as \"My Way\", \"Con te part\u00f2\", and \"Hallelujah\", to name just a few examples.<\/p>\n\n\n\n<p class=\"has-text-align-left\">His vocal range is lirico-spinto tenor.<\/p>\n\n\n\n<p class=\"has-text-align-left has-black-color has-text-color has-medium-font-size\"><\/p>\n\n\n<div class=\"wp-block-image\">\n<figure class=\"aligncenter size-full\"><img loading=\"lazy\" decoding=\"async\" width=\"350\" height=\"197\" src=\"https:\/\/fredericbillharz.com\/wp-content\/uploads\/2022\/09\/Signature-Fre\u0301de\u0301ric-BILLHARZ-noir-350x197-1.png\" alt=\"\" class=\"wp-image-15695\" srcset=\"https:\/\/fredericbillharz.com\/wp-content\/uploads\/2022\/09\/Signature-Fre\u0301de\u0301ric-BILLHARZ-noir-350x197-1.png 350w, https:\/\/fredericbillharz.com\/wp-content\/uploads\/2022\/09\/Signature-Fre\u0301de\u0301ric-BILLHARZ-noir-350x197-1-18x10.png 18w\" sizes=\"auto, (max-width: 350px) 100vw, 350px\" \/><\/figure>\n<\/div>","protected":false},"excerpt":{"rendered":"<p>A l&rsquo;\u00e2ge de 7 ans, Fr\u00e9d\u00e9ric amor\u00e7a son voyage musical en commen\u00e7ant \u00e0 \u00e9tudier le solf\u00e8ge et le piccolo. Cette passion l&rsquo;a ensuite conduite \u00e0 \u00e9tudier sept ann\u00e9es le trombone \u00e0 coulisse. Cependant, \u00e0 l&rsquo;\u00e2ge de 15 ans, tout a bascul\u00e9 lorsqu\u2019il d\u00e9couvrit le plaisir du chant en \u00e9coutant l&rsquo;album \u00ab\u00a0Seasons End\u00a0\u00bb de Marillion sur un vinyle 33 tours. Quelques mois plus tard, lorsqu&rsquo;il assista \u00e0 une repr\u00e9sentation de l&rsquo;op\u00e9ra \u00ab\u00a0Turandot\u00a0\u00bb de Puccini, ce fut une r\u00e9v\u00e9lation majeure. il prit [&hellip;]<\/p>\n","protected":false},"author":1,"featured_media":0,"parent":0,"menu_order":0,"comment_status":"closed","ping_status":"closed","template":"","meta":{"_acf_changed":false,"footnotes":""},"class_list":["post-85","page","type-page","status-publish","hentry"],"acf":[],"yoast_head":"<!-- This site is optimized with the Yoast SEO plugin v27.6 - https:\/\/yoast.com\/product\/yoast-seo-wordpress\/ -->\n<title>Bio Musicale - Fr\u00e9d\u00e9ric BILLHARZ<\/title>\n<meta name=\"robots\" content=\"index, follow, max-snippet:-1, max-image-preview:large, max-video-preview:-1\" \/>\n<link rel=\"canonical\" href=\"https:\/\/fredericbillharz.com\/en\/bio\/\" \/>\n<meta property=\"og:locale\" content=\"en_GB\" \/>\n<meta property=\"og:type\" content=\"article\" \/>\n<meta property=\"og:title\" content=\"Bio Musicale - Fr\u00e9d\u00e9ric BILLHARZ\" \/>\n<meta property=\"og:description\" content=\"A l&rsquo;\u00e2ge de 7 ans, Fr\u00e9d\u00e9ric amor\u00e7a son voyage musical en commen\u00e7ant \u00e0 \u00e9tudier le solf\u00e8ge et le piccolo. Cette passion l&rsquo;a ensuite conduite \u00e0 \u00e9tudier sept ann\u00e9es le trombone \u00e0 coulisse. Cependant, \u00e0 l&rsquo;\u00e2ge de 15 ans, tout a bascul\u00e9 lorsqu\u2019il d\u00e9couvrit le plaisir du chant en \u00e9coutant l&rsquo;album \u00ab\u00a0Seasons End\u00a0\u00bb de Marillion sur un vinyle 33 tours. Quelques mois plus tard, lorsqu&rsquo;il assista \u00e0 une repr\u00e9sentation de l&rsquo;op\u00e9ra \u00ab\u00a0Turandot\u00a0\u00bb de Puccini, ce fut une r\u00e9v\u00e9lation majeure. il prit [&hellip;]\" \/>\n<meta property=\"og:url\" content=\"https:\/\/fredericbillharz.com\/en\/bio\/\" \/>\n<meta property=\"og:site_name\" content=\"Fr\u00e9d\u00e9ric BILLHARZ\" \/>\n<meta property=\"article:publisher\" content=\"https:\/\/www.facebook.com\/frederic.billharz\" \/>\n<meta property=\"article:modified_time\" content=\"2025-11-16T18:21:15+00:00\" \/>\n<meta name=\"twitter:card\" content=\"summary_large_image\" \/>\n<meta name=\"twitter:site\" content=\"@billharz\" \/>\n<meta name=\"twitter:label1\" content=\"Estimated reading time\" \/>\n\t<meta name=\"twitter:data1\" content=\"3 minutes\" \/>\n<script type=\"application\/ld+json\" class=\"yoast-schema-graph\">{\"@context\":\"https:\\\/\\\/schema.org\",\"@graph\":[{\"@type\":\"WebPage\",\"@id\":\"https:\\\/\\\/fredericbillharz.com\\\/bio\\\/\",\"url\":\"https:\\\/\\\/fredericbillharz.com\\\/bio\\\/\",\"name\":\"Bio Musicale - Fr\u00e9d\u00e9ric BILLHARZ\",\"isPartOf\":{\"@id\":\"https:\\\/\\\/fredericbillharz.com\\\/#website\"},\"datePublished\":\"2016-05-22T21:02:56+00:00\",\"dateModified\":\"2025-11-16T18:21:15+00:00\",\"breadcrumb\":{\"@id\":\"https:\\\/\\\/fredericbillharz.com\\\/bio\\\/#breadcrumb\"},\"inLanguage\":\"en-GB\",\"potentialAction\":[{\"@type\":\"ReadAction\",\"target\":[\"https:\\\/\\\/fredericbillharz.com\\\/bio\\\/\"]}]},{\"@type\":\"BreadcrumbList\",\"@id\":\"https:\\\/\\\/fredericbillharz.com\\\/bio\\\/#breadcrumb\",\"itemListElement\":[{\"@type\":\"ListItem\",\"position\":1,\"name\":\"Home\",\"item\":\"https:\\\/\\\/fredericbillharz.com\\\/\"},{\"@type\":\"ListItem\",\"position\":2,\"name\":\"Bio Musicale\"}]},{\"@type\":\"WebSite\",\"@id\":\"https:\\\/\\\/fredericbillharz.com\\\/#website\",\"url\":\"https:\\\/\\\/fredericbillharz.com\\\/\",\"name\":\"Fr\u00e9d\u00e9ric BILLHARZ\",\"description\":\"T\u00e9nor\",\"publisher\":{\"@id\":\"https:\\\/\\\/fredericbillharz.com\\\/#\\\/schema\\\/person\\\/ba4cfbc2c23644affe23e72958225783\"},\"potentialAction\":[{\"@type\":\"SearchAction\",\"target\":{\"@type\":\"EntryPoint\",\"urlTemplate\":\"https:\\\/\\\/fredericbillharz.com\\\/?s={search_term_string}\"},\"query-input\":{\"@type\":\"PropertyValueSpecification\",\"valueRequired\":true,\"valueName\":\"search_term_string\"}}],\"inLanguage\":\"en-GB\"},{\"@type\":[\"Person\",\"Organization\"],\"@id\":\"https:\\\/\\\/fredericbillharz.com\\\/#\\\/schema\\\/person\\\/ba4cfbc2c23644affe23e72958225783\",\"name\":\"admin\",\"image\":{\"@type\":\"ImageObject\",\"inLanguage\":\"en-GB\",\"@id\":\"https:\\\/\\\/fredericbillharz.com\\\/wp-content\\\/uploads\\\/2023\\\/09\\\/WhatsApp-Image-2023-09-22-at-14.53.40.jpeg\",\"url\":\"https:\\\/\\\/fredericbillharz.com\\\/wp-content\\\/uploads\\\/2023\\\/09\\\/WhatsApp-Image-2023-09-22-at-14.53.40.jpeg\",\"contentUrl\":\"https:\\\/\\\/fredericbillharz.com\\\/wp-content\\\/uploads\\\/2023\\\/09\\\/WhatsApp-Image-2023-09-22-at-14.53.40.jpeg\",\"width\":2048,\"height\":1366,\"caption\":\"admin\"},\"logo\":{\"@id\":\"https:\\\/\\\/fredericbillharz.com\\\/wp-content\\\/uploads\\\/2023\\\/09\\\/WhatsApp-Image-2023-09-22-at-14.53.40.jpeg\"},\"description\":\"Fr\u00e9d\u00e9ric Billharz is a singer, Tenor from Geneva, Switzerland.\",\"sameAs\":[\"https:\\\/\\\/www.fredericbillharz.com\",\"https:\\\/\\\/www.facebook.com\\\/frederic.billharz\",\"https:\\\/\\\/www.instagram.com\\\/billharzfrederic\",\"https:\\\/\\\/x.com\\\/billharz\",\"https:\\\/\\\/youtube.com\\\/@FredericBILLHARZ\",\"https:\\\/\\\/soundcloud.com\\\/billharzfrederic\"]}]}<\/script>\n<!-- \/ Yoast SEO plugin. -->","yoast_head_json":{"title":"Bio Musicale - Fr\u00e9d\u00e9ric BILLHARZ","robots":{"index":"index","follow":"follow","max-snippet":"max-snippet:-1","max-image-preview":"max-image-preview:large","max-video-preview":"max-video-preview:-1"},"canonical":"https:\/\/fredericbillharz.com\/en\/bio\/","og_locale":"en_GB","og_type":"article","og_title":"Bio Musicale - Fr\u00e9d\u00e9ric BILLHARZ","og_description":"A l&rsquo;\u00e2ge de 7 ans, Fr\u00e9d\u00e9ric amor\u00e7a son voyage musical en commen\u00e7ant \u00e0 \u00e9tudier le solf\u00e8ge et le piccolo. Cette passion l&rsquo;a ensuite conduite \u00e0 \u00e9tudier sept ann\u00e9es le trombone \u00e0 coulisse. Cependant, \u00e0 l&rsquo;\u00e2ge de 15 ans, tout a bascul\u00e9 lorsqu\u2019il d\u00e9couvrit le plaisir du chant en \u00e9coutant l&rsquo;album \u00ab\u00a0Seasons End\u00a0\u00bb de Marillion sur un vinyle 33 tours. Quelques mois plus tard, lorsqu&rsquo;il assista \u00e0 une repr\u00e9sentation de l&rsquo;op\u00e9ra \u00ab\u00a0Turandot\u00a0\u00bb de Puccini, ce fut une r\u00e9v\u00e9lation majeure. il prit [&hellip;]","og_url":"https:\/\/fredericbillharz.com\/en\/bio\/","og_site_name":"Fr\u00e9d\u00e9ric BILLHARZ","article_publisher":"https:\/\/www.facebook.com\/frederic.billharz","article_modified_time":"2025-11-16T18:21:15+00:00","twitter_card":"summary_large_image","twitter_site":"@billharz","twitter_misc":{"Estimated reading time":"3 minutes"},"schema":{"@context":"https:\/\/schema.org","@graph":[{"@type":"WebPage","@id":"https:\/\/fredericbillharz.com\/bio\/","url":"https:\/\/fredericbillharz.com\/bio\/","name":"Bio Musicale - Fr\u00e9d\u00e9ric BILLHARZ","isPartOf":{"@id":"https:\/\/fredericbillharz.com\/#website"},"datePublished":"2016-05-22T21:02:56+00:00","dateModified":"2025-11-16T18:21:15+00:00","breadcrumb":{"@id":"https:\/\/fredericbillharz.com\/bio\/#breadcrumb"},"inLanguage":"en-GB","potentialAction":[{"@type":"ReadAction","target":["https:\/\/fredericbillharz.com\/bio\/"]}]},{"@type":"BreadcrumbList","@id":"https:\/\/fredericbillharz.com\/bio\/#breadcrumb","itemListElement":[{"@type":"ListItem","position":1,"name":"Home","item":"https:\/\/fredericbillharz.com\/"},{"@type":"ListItem","position":2,"name":"Bio Musicale"}]},{"@type":"WebSite","@id":"https:\/\/fredericbillharz.com\/#website","url":"https:\/\/fredericbillharz.com\/","name":"Fr\u00e9d\u00e9ric BILLHARZ","description":"Tenor","publisher":{"@id":"https:\/\/fredericbillharz.com\/#\/schema\/person\/ba4cfbc2c23644affe23e72958225783"},"potentialAction":[{"@type":"SearchAction","target":{"@type":"EntryPoint","urlTemplate":"https:\/\/fredericbillharz.com\/?s={search_term_string}"},"query-input":{"@type":"PropertyValueSpecification","valueRequired":true,"valueName":"search_term_string"}}],"inLanguage":"en-GB"},{"@type":["Person","Organization"],"@id":"https:\/\/fredericbillharz.com\/#\/schema\/person\/ba4cfbc2c23644affe23e72958225783","name":"admin","image":{"@type":"ImageObject","inLanguage":"en-GB","@id":"https:\/\/fredericbillharz.com\/wp-content\/uploads\/2023\/09\/WhatsApp-Image-2023-09-22-at-14.53.40.jpeg","url":"https:\/\/fredericbillharz.com\/wp-content\/uploads\/2023\/09\/WhatsApp-Image-2023-09-22-at-14.53.40.jpeg","contentUrl":"https:\/\/fredericbillharz.com\/wp-content\/uploads\/2023\/09\/WhatsApp-Image-2023-09-22-at-14.53.40.jpeg","width":2048,"height":1366,"caption":"admin"},"logo":{"@id":"https:\/\/fredericbillharz.com\/wp-content\/uploads\/2023\/09\/WhatsApp-Image-2023-09-22-at-14.53.40.jpeg"},"description":"Fr\u00e9d\u00e9ric Billharz is a singer, Tenor from Geneva, Switzerland.","sameAs":["https:\/\/www.fredericbillharz.com","https:\/\/www.facebook.com\/frederic.billharz","https:\/\/www.instagram.com\/billharzfrederic","https:\/\/x.com\/billharz","https:\/\/youtube.com\/@FredericBILLHARZ","https:\/\/soundcloud.com\/billharzfrederic"]}]}},"_links":{"self":[{"href":"https:\/\/fredericbillharz.com\/en\/wp-json\/wp\/v2\/pages\/85","targetHints":{"allow":["GET"]}}],"collection":[{"href":"https:\/\/fredericbillharz.com\/en\/wp-json\/wp\/v2\/pages"}],"about":[{"href":"https:\/\/fredericbillharz.com\/en\/wp-json\/wp\/v2\/types\/page"}],"author":[{"embeddable":true,"href":"https:\/\/fredericbillharz.com\/en\/wp-json\/wp\/v2\/users\/1"}],"replies":[{"embeddable":true,"href":"https:\/\/fredericbillharz.com\/en\/wp-json\/wp\/v2\/comments?post=85"}],"version-history":[{"count":78,"href":"https:\/\/fredericbillharz.com\/en\/wp-json\/wp\/v2\/pages\/85\/revisions"}],"predecessor-version":[{"id":18981,"href":"https:\/\/fredericbillharz.com\/en\/wp-json\/wp\/v2\/pages\/85\/revisions\/18981"}],"wp:attachment":[{"href":"https:\/\/fredericbillharz.com\/en\/wp-json\/wp\/v2\/media?parent=85"}],"curies":[{"name":"wp","href":"https:\/\/api.w.org\/{rel}","templated":true}]}}